{"id":1405,"date":"2024-10-10T22:05:27","date_gmt":"2024-10-10T20:05:27","guid":{"rendered":"https:\/\/hueck-rheinische.de\/ambalaj-yasasi\/"},"modified":"2026-03-03T18:30:15","modified_gmt":"2026-03-03T17:30:15","slug":"ambalaj-yasasi","status":"publish","type":"page","link":"https:\/\/hueck-rheinische.de\/tr\/ambalaj-yasasi\/","title":{"rendered":"Ambalaj Yasas\u0131"},"content":{"rendered":"<div class=\"fusion-fullwidth fullwidth-box fusion-builder-row-1 fusion-flex-container has-pattern-background has-mask-background nonhundred-percent-fullwidth non-hundred-percent-height-scrolling\" style=\"--awb-border-radius-top-left:0px;--awb-border-radius-top-right:0px;--awb-border-radius-bottom-right:0px;--awb-border-radius-bottom-left:0px;--awb-flex-wrap:wrap;\" ><div class=\"fusion-builder-row fusion-row fusion-flex-align-items-flex-start fusion-flex-content-wrap\" style=\"max-width:calc( 1400px + 22px );margin-left: calc(-22px \/ 2 );margin-right: calc(-22px \/ 2 );\"><div class=\"fusion-layout-column fusion_builder_column fusion-builder-column-0 fusion_builder_column_1_1 1_1 fusion-flex-column\" style=\"--awb-padding-bottom:30px;--awb-bg-size:cover;--awb-width-large:100%;--awb-margin-top-large:0px;--awb-spacing-right-large:11px;--awb-margin-bottom-large:20px;--awb-spacing-left-large:11px;--awb-width-medium:100%;--awb-order-medium:0;--awb-spacing-right-medium:11px;--awb-spacing-left-medium:11px;--awb-width-small:100%;--awb-order-small:0;--awb-spacing-right-small:11px;--awb-spacing-left-small:11px;\" data-scroll-devices=\"small-visibility,medium-visibility,large-visibility\"><div class=\"fusion-column-wrapper fusion-column-has-shadow fusion-flex-justify-content-flex-start fusion-content-layout-column\"><div class=\"fusion-text fusion-text-1\"><h1><strong>Ambalaj Yasas\u0131 (VerpackG) Hakk\u0131nda M\u00fc\u015fteri Bilgilendirmesi<\/strong><\/h1>\n<p>De\u011ferli M\u00fc\u015fterimiz,<\/p>\n<p>Ambalaj Yasas\u0131&#8217;n\u0131n 15. maddesinin 1. f\u0131kras\u0131n\u0131n 1. c\u00fcmlesine g\u00f6re, t\u00fcm nihai t\u00fcketiciler, sistem kat\u0131l\u0131m\u0131 zorunlu olmayan ambalajlar\u0131n iade imkan\u0131 ile bu iade imkan\u0131n\u0131n anlam\u0131 ve amac\u0131 ve bertaraf\u0131 hakk\u0131nda bilgilendirilmelidir.<\/p>\n<p>HUECK Rheinische GmbH, sorumlu bir sanayi kurulu\u015fu ve pres levhalar\u0131 ile pres pedleri \u00fcreticisi olarak, Ambalaj Yasas\u0131&#8217;na uygun \u015fekilde karton ve palet gibi at\u0131k ve malzemelerin yasalara ve \u00e7evreye uygun bertaraf\u0131n\u0131 \u00fcstlenmektedir. HUECK Rheinische GmbH olarak, at\u0131k ve malzemelerin \u00f6nlenmesi, yeniden kullan\u0131lmas\u0131 ve\/veya geri d\u00f6n\u00fc\u015ft\u00fcr\u00fclmesine ili\u015fkin yasal gerekliliklere uyma sorumlulu\u011funu ta\u015f\u0131maktay\u0131z. <\/p>\n<p>Bu nedenle \u00fcr\u00fcnlerimizin ambalajlar\u0131 belediye at\u0131k toplama sistemi arac\u0131l\u0131\u011f\u0131yla bertaraf edilmemelidir. Bunun yerine, bu ambalajlar\u0131 fiili teslimat yerinde iade etme imkan\u0131n\u0131z bulunmaktad\u0131r. \u00dcr\u00fcnlerimizi genellikle FCA Viersen (INCOTERMS 2020) veya fabrika \u00e7\u0131k\u0131\u015f\u0131 teslim etti\u011fimiz i\u00e7in, ambalajlar\u0131 HUECK Rheinische GmbH&#8217;ye Viersen&#8217;de [VEYA: HUECK Rheinische GmbH&#8217;nin tesislerinde] \u00fccretsiz olarak iade edebilece\u011finiz anlam\u0131na gelmektedir. Bu durumda nakliye masraflar\u0131 size ait olacakt\u0131r. \u0130ade i\u015fleminin sorunsuz bir \u015fekilde y\u00fcr\u00fct\u00fclmesi i\u00e7in l\u00fctfen \u00f6nceden bizimle ileti\u015fime ge\u00e7iniz. \u00dcr\u00fcnlerimizin Almanya&#8217;da yerle\u015fik bir m\u00fc\u015fteriye m\u00fcnferit durumlarda ba\u015fka bir yerde teslim edilmesi halinde, iade ko\u015fullar\u0131 hakk\u0131nda ayr\u0131 bir anla\u015fma yap\u0131lmas\u0131 gerekmektedir.     <\/p>\n<p>Ek olarak, teslim edilen ambalajlar\u0131 bize iade etmek zorunda olmad\u0131\u011f\u0131n\u0131z\u0131 belirtmek isteriz.<\/p>\n<\/div><\/div><\/div><div class=\"fusion-layout-column fusion_builder_column fusion-builder-column-1 fusion_builder_column_1_1 1_1 fusion-flex-column\" style=\"--awb-bg-size:cover;--awb-width-large:100%;--awb-margin-top-large:0px;--awb-spacing-right-large:11px;--awb-margin-bottom-large:20px;--awb-spacing-left-large:11px;--awb-width-medium:100%;--awb-order-medium:0;--awb-spacing-right-medium:11px;--awb-spacing-left-medium:11px;--awb-width-small:100%;--awb-order-small:0;--awb-spacing-right-small:11px;--awb-spacing-left-small:11px;\"><div class=\"fusion-column-wrapper fusion-column-has-shadow fusion-flex-justify-content-flex-start fusion-content-layout-column\"><div class=\"fusion-text fusion-text-2\"><h2><strong>Ambalaj Yasas\u0131 Kay\u0131t Bilgileri<\/strong><\/h2>\n<p>HUECK Rheinische GmbH, Ambalaj Yasas\u0131&#8217;n\u0131n 9. maddesi uyar\u0131nca Stiftung Zentrale Stelle Verpackungsregister (ZSVR) nezdinde DE2859316767835 kay\u0131t numaras\u0131yla tescillidir.<\/p>\n<p>\u0130lgili \u00e7evre d\u00fczenlemelerine uyma ve \u00e7evrenin korunmas\u0131n\u0131 s\u00fcrekli iyile\u015ftirme y\u00fck\u00fcml\u00fcl\u00fc\u011f\u00fcm\u00fcz\u00fc<\/p>\n<p>\u00f6zveri ve motivasyonla yerine getiriyoruz. Uzun y\u0131llard\u0131r \u00fcretimde ve \u00fcr\u00fcnlerimizde at\u0131k, kirletici maddeler veya enerji gibi \u00e7evresel etkilerimizi s\u00fcrekli olarak azaltmaktay\u0131z. Daha fazla \u00e7evre bilgisine ihtiyac\u0131n\u0131z olursa, l\u00fctfen bizimle ileti\u015fime ge\u00e7mekten \u00e7ekinmeyin.<\/p>\n<\/div><\/div><\/div><\/div><\/div>\n","protected":false},"excerpt":{"rendered":"","protected":false},"author":1,"featured_media":0,"parent":0,"menu_order":0,"comment_status":"closed","ping_status":"closed","template":"100-width.php","meta":{"footnotes":""},"class_list":["post-1405","page","type-page","status-publish","hentry"],"yoast_head":"<!-- This site is optimized with the Yoast SEO plugin v27.1.1 - https:\/\/yoast.com\/product\/yoast-seo-wordpress\/ -->\n<title>Ambalaj Yasas\u0131 - HUECK Rheinische - Pressbleche, Presspolster und Dekore<\/title>\n<meta name=\"robots\" content=\"index, follow, max-snippet:-1, max-image-preview:large, max-video-preview:-1\" \/>\n<link rel=\"canonical\" href=\"https:\/\/hueck-rheinische.de\/tr\/ambalaj-yasasi\/\" \/>\n<meta property=\"og:locale\" content=\"tr_TR\" \/>\n<meta property=\"og:type\" content=\"article\" \/>\n<meta property=\"og:title\" content=\"Ambalaj Yasas\u0131 - HUECK Rheinische - Pressbleche, Presspolster und Dekore\" \/>\n<meta property=\"og:url\" content=\"https:\/\/hueck-rheinische.de\/tr\/ambalaj-yasasi\/\" \/>\n<meta property=\"og:site_name\" content=\"HUECK Rheinische - Pressbleche, Presspolster und Dekore\" \/>\n<meta property=\"article:modified_time\" content=\"2026-03-03T17:30:15+00:00\" \/>\n<meta name=\"twitter:card\" content=\"summary_large_image\" \/>\n<meta name=\"twitter:label1\" content=\"Tahmini okuma s\u00fcresi\" \/>\n\t<meta name=\"twitter:data1\" content=\"10 dakika\" \/>\n<script type=\"application\/ld+json\" class=\"yoast-schema-graph\">{\"@context\":\"https:\/\/schema.org\",\"@graph\":[{\"@type\":\"WebPage\",\"@id\":\"https:\/\/hueck-rheinische.de\/tr\/ambalaj-yasasi\/\",\"url\":\"https:\/\/hueck-rheinische.de\/tr\/ambalaj-yasasi\/\",\"name\":\"Ambalaj Yasas\u0131 - HUECK Rheinische - Pressbleche, Presspolster und Dekore\",\"isPartOf\":{\"@id\":\"https:\/\/hueck-rheinische.de\/tr\/#website\"},\"datePublished\":\"2024-10-10T20:05:27+00:00\",\"dateModified\":\"2026-03-03T17:30:15+00:00\",\"breadcrumb\":{\"@id\":\"https:\/\/hueck-rheinische.de\/tr\/ambalaj-yasasi\/#breadcrumb\"},\"inLanguage\":\"tr\",\"potentialAction\":[{\"@type\":\"ReadAction\",\"target\":[\"https:\/\/hueck-rheinische.de\/tr\/ambalaj-yasasi\/\"]}]},{\"@type\":\"BreadcrumbList\",\"@id\":\"https:\/\/hueck-rheinische.de\/tr\/ambalaj-yasasi\/#breadcrumb\",\"itemListElement\":[{\"@type\":\"ListItem\",\"position\":1,\"name\":\"Startseite\",\"item\":\"https:\/\/hueck-rheinische.de\/tr\/ana-sayfa\/\"},{\"@type\":\"ListItem\",\"position\":2,\"name\":\"Ambalaj Yasas\u0131\"}]},{\"@type\":\"WebSite\",\"@id\":\"https:\/\/hueck-rheinische.de\/tr\/#website\",\"url\":\"https:\/\/hueck-rheinische.de\/tr\/\",\"name\":\"HUECK Rheinische - Pressbleche, Presspolster und Dekore\",\"description\":\"\",\"potentialAction\":[{\"@type\":\"SearchAction\",\"target\":{\"@type\":\"EntryPoint\",\"urlTemplate\":\"https:\/\/hueck-rheinische.de\/tr\/?s={search_term_string}\"},\"query-input\":{\"@type\":\"PropertyValueSpecification\",\"valueRequired\":true,\"valueName\":\"search_term_string\"}}],\"inLanguage\":\"tr\"}]}<\/script>\n<!-- \/ Yoast SEO plugin. -->","yoast_head_json":{"title":"Ambalaj Yasas\u0131 - HUECK Rheinische - Pressbleche, Presspolster und Dekore","robots":{"index":"index","follow":"follow","max-snippet":"max-snippet:-1","max-image-preview":"max-image-preview:large","max-video-preview":"max-video-preview:-1"},"canonical":"https:\/\/hueck-rheinische.de\/tr\/ambalaj-yasasi\/","og_locale":"tr_TR","og_type":"article","og_title":"Ambalaj Yasas\u0131 - HUECK Rheinische - Pressbleche, Presspolster und Dekore","og_url":"https:\/\/hueck-rheinische.de\/tr\/ambalaj-yasasi\/","og_site_name":"HUECK Rheinische - Pressbleche, Presspolster und Dekore","article_modified_time":"2026-03-03T17:30:15+00:00","twitter_card":"summary_large_image","twitter_misc":{"Tahmini okuma s\u00fcresi":"10 dakika"},"schema":{"@context":"https:\/\/schema.org","@graph":[{"@type":"WebPage","@id":"https:\/\/hueck-rheinische.de\/tr\/ambalaj-yasasi\/","url":"https:\/\/hueck-rheinische.de\/tr\/ambalaj-yasasi\/","name":"Ambalaj Yasas\u0131 - HUECK Rheinische - Pressbleche, Presspolster und Dekore","isPartOf":{"@id":"https:\/\/hueck-rheinische.de\/tr\/#website"},"datePublished":"2024-10-10T20:05:27+00:00","dateModified":"2026-03-03T17:30:15+00:00","breadcrumb":{"@id":"https:\/\/hueck-rheinische.de\/tr\/ambalaj-yasasi\/#breadcrumb"},"inLanguage":"tr","potentialAction":[{"@type":"ReadAction","target":["https:\/\/hueck-rheinische.de\/tr\/ambalaj-yasasi\/"]}]},{"@type":"BreadcrumbList","@id":"https:\/\/hueck-rheinische.de\/tr\/ambalaj-yasasi\/#breadcrumb","itemListElement":[{"@type":"ListItem","position":1,"name":"Startseite","item":"https:\/\/hueck-rheinische.de\/tr\/ana-sayfa\/"},{"@type":"ListItem","position":2,"name":"Ambalaj Yasas\u0131"}]},{"@type":"WebSite","@id":"https:\/\/hueck-rheinische.de\/tr\/#website","url":"https:\/\/hueck-rheinische.de\/tr\/","name":"HUECK Rheinische - Pressbleche, Presspolster und Dekore","description":"","potentialAction":[{"@type":"SearchAction","target":{"@type":"EntryPoint","urlTemplate":"https:\/\/hueck-rheinische.de\/tr\/?s={search_term_string}"},"query-input":{"@type":"PropertyValueSpecification","valueRequired":true,"valueName":"search_term_string"}}],"inLanguage":"tr"}]}},"_links":{"self":[{"href":"https:\/\/hueck-rheinische.de\/tr\/wp-json\/wp\/v2\/pages\/1405","targetHints":{"allow":["GET"]}}],"collection":[{"href":"https:\/\/hueck-rheinische.de\/tr\/wp-json\/wp\/v2\/pages"}],"about":[{"href":"https:\/\/hueck-rheinische.de\/tr\/wp-json\/wp\/v2\/types\/page"}],"author":[{"embeddable":true,"href":"https:\/\/hueck-rheinische.de\/tr\/wp-json\/wp\/v2\/users\/1"}],"replies":[{"embeddable":true,"href":"https:\/\/hueck-rheinische.de\/tr\/wp-json\/wp\/v2\/comments?post=1405"}],"version-history":[{"count":2,"href":"https:\/\/hueck-rheinische.de\/tr\/wp-json\/wp\/v2\/pages\/1405\/revisions"}],"predecessor-version":[{"id":1407,"href":"https:\/\/hueck-rheinische.de\/tr\/wp-json\/wp\/v2\/pages\/1405\/revisions\/1407"}],"wp:attachment":[{"href":"https:\/\/hueck-rheinische.de\/tr\/wp-json\/wp\/v2\/media?parent=1405"}],"curies":[{"name":"wp","href":"https:\/\/api.w.org\/{rel}","templated":true}]}}