{"id":1206,"date":"2024-10-10T22:05:27","date_gmt":"2024-10-10T20:05:27","guid":{"rendered":"https:\/\/hueck-rheinische.de\/lei-das-embalagens\/"},"modified":"2026-02-26T21:48:33","modified_gmt":"2026-02-26T20:48:33","slug":"lei-das-embalagens","status":"publish","type":"page","link":"https:\/\/hueck-rheinische.de\/pt-pt\/lei-das-embalagens\/","title":{"rendered":"Lei das Embalagens"},"content":{"rendered":"<div class=\"fusion-fullwidth fullwidth-box fusion-builder-row-1 fusion-flex-container has-pattern-background has-mask-background nonhundred-percent-fullwidth non-hundred-percent-height-scrolling\" style=\"--awb-border-radius-top-left:0px;--awb-border-radius-top-right:0px;--awb-border-radius-bottom-right:0px;--awb-border-radius-bottom-left:0px;--awb-flex-wrap:wrap;\" ><div class=\"fusion-builder-row fusion-row fusion-flex-align-items-flex-start fusion-flex-content-wrap\" style=\"max-width:calc( 1400px + 22px );margin-left: calc(-22px \/ 2 );margin-right: calc(-22px \/ 2 );\"><div class=\"fusion-layout-column fusion_builder_column fusion-builder-column-0 fusion_builder_column_1_1 1_1 fusion-flex-column\" style=\"--awb-padding-bottom:30px;--awb-bg-size:cover;--awb-width-large:100%;--awb-margin-top-large:0px;--awb-spacing-right-large:11px;--awb-margin-bottom-large:20px;--awb-spacing-left-large:11px;--awb-width-medium:100%;--awb-order-medium:0;--awb-spacing-right-medium:11px;--awb-spacing-left-medium:11px;--awb-width-small:100%;--awb-order-small:0;--awb-spacing-right-small:11px;--awb-spacing-left-small:11px;\" data-scroll-devices=\"small-visibility,medium-visibility,large-visibility\"><div class=\"fusion-column-wrapper fusion-column-has-shadow fusion-flex-justify-content-flex-start fusion-content-layout-column\"><div class=\"fusion-text fusion-text-1\"><h1><strong>Informa\u00e7\u00e3o ao cliente sobre a Lei das Embalagens (VerpackG)<\/strong><\/h1>\n<p>Exma. Senhora, Exmo. Senhor,<\/p>\n<p>Nos termos do \u00a7 15, n.\u00ba 1, 1.\u00aa frase, da VerpackG, todos os consumidores finais devem ser informados sobre a possibilidade de devolu\u00e7\u00e3o de embalagens n\u00e3o sujeitas \u00e0 obriga\u00e7\u00e3o de participa\u00e7\u00e3o no sistema, bem como sobre o objetivo e a finalidade dessa possibilidade de devolu\u00e7\u00e3o e sobre a respetiva elimina\u00e7\u00e3o.<\/p>\n<p>A HUECK Rheinische GmbH, enquanto empresa industrial respons\u00e1vel e fabricante de chapas prensadas e almofadas de prensagem, assegura uma elimina\u00e7\u00e3o de res\u00edduos e materiais, como embalagens de cart\u00e3o e paletes, em conformidade com a lei e com o ambiente, de acordo com a VerpackG. N\u00f3s, a HUECK Rheinische GmbH, assumimos a responsabilidade pelo cumprimento dos requisitos legais relativos \u00e0 preven\u00e7\u00e3o, reutiliza\u00e7\u00e3o e\/ou encaminhamento para reciclagem de res\u00edduos e materiais. <\/p>\n<p>As embalagens dos nossos produtos n\u00e3o podem, por isso, ser eliminadas atrav\u00e9s do sistema municipal de recolha de res\u00edduos. Em alternativa, tem a possibilidade de as devolver no local da efetiva entrega. Uma vez que, regra geral, fornecemos os nossos produtos com base em FCA Viersen (INCOTERMS 2020) ou \u201cex works\u201d, isto significa que pode devolver as embalagens, sem custos, \u00e0 HUECK Rheinische GmbH em Viersen [OU: nos locais da HUECK Rheinische GmbH]. Os custos de transporte ficam, neste caso, a seu cargo. Para garantir um processamento sem problemas da devolu\u00e7\u00e3o, agradecemos que a coordene previamente connosco. Caso, excecionalmente, a entrega dos nossos produtos a um cliente sediado na Alemanha ocorra noutro local, dever\u00e1 ser celebrado um acordo espec\u00edfico quanto \u00e0s modalidades de devolu\u00e7\u00e3o.     <\/p>\n<p>Adicionalmente, informamos que n\u00e3o est\u00e1 obrigado(a) a devolver-nos as embalagens fornecidas.<\/p>\n<\/div><\/div><\/div><div class=\"fusion-layout-column fusion_builder_column fusion-builder-column-1 fusion_builder_column_1_1 1_1 fusion-flex-column\" style=\"--awb-bg-size:cover;--awb-width-large:100%;--awb-margin-top-large:0px;--awb-spacing-right-large:11px;--awb-margin-bottom-large:20px;--awb-spacing-left-large:11px;--awb-width-medium:100%;--awb-order-medium:0;--awb-spacing-right-medium:11px;--awb-spacing-left-medium:11px;--awb-width-small:100%;--awb-order-small:0;--awb-spacing-right-small:11px;--awb-spacing-left-small:11px;\"><div class=\"fusion-column-wrapper fusion-column-has-shadow fusion-flex-justify-content-flex-start fusion-content-layout-column\"><div class=\"fusion-text fusion-text-2\"><h2><strong>Informa\u00e7\u00f5es de registo relativas \u00e0 Lei das Embalagens (VerpackG)<\/strong><\/h2>\n<p>A HUECK Rheinische GmbH encontra-se registada, nos termos do \u00a7 9 da VerpackG, junto da Stiftung Zentrale Stelle Verpackungsregister (ZSVR), sob o n\u00famero de registo DE2859316767835.<\/p>\n<p>Cumprimos a nossa obriga\u00e7\u00e3o de observar as disposi\u00e7\u00f5es ambientais aplic\u00e1veis e de promover a melhoria cont\u00ednua da prote\u00e7\u00e3o ambiental com<\/p>\n<p>Empenho e motiva\u00e7\u00e3o. H\u00e1 muitos anos que reduzimos continuamente os nossos impactos ambientais, por exemplo, res\u00edduos, poluentes ou consumo de energia, na produ\u00e7\u00e3o e nos nossos produtos. Se necessitar de mais informa\u00e7\u00f5es ambientais, n\u00e3o hesite em contactar-nos.<\/p>\n<\/div><\/div><\/div><\/div><\/div>\n","protected":false},"excerpt":{"rendered":"","protected":false},"author":1,"featured_media":0,"parent":0,"menu_order":0,"comment_status":"closed","ping_status":"closed","template":"100-width.php","meta":{"footnotes":""},"class_list":["post-1206","page","type-page","status-publish","hentry"],"yoast_head":"<!-- This site is optimized with the Yoast SEO plugin v27.1.1 - https:\/\/yoast.com\/product\/yoast-seo-wordpress\/ -->\n<title>Lei das Embalagens - HUECK Rheinische - Pressbleche, Presspolster und Dekore<\/title>\n<meta name=\"robots\" content=\"index, follow, max-snippet:-1, max-image-preview:large, max-video-preview:-1\" \/>\n<link rel=\"canonical\" href=\"https:\/\/hueck-rheinische.de\/pt-pt\/lei-das-embalagens\/\" \/>\n<meta property=\"og:locale\" content=\"pt_PT\" \/>\n<meta property=\"og:type\" content=\"article\" \/>\n<meta property=\"og:title\" content=\"Lei das Embalagens - HUECK Rheinische - Pressbleche, Presspolster und Dekore\" \/>\n<meta property=\"og:url\" content=\"https:\/\/hueck-rheinische.de\/pt-pt\/lei-das-embalagens\/\" \/>\n<meta property=\"og:site_name\" content=\"HUECK Rheinische - Pressbleche, Presspolster und Dekore\" \/>\n<meta property=\"article:modified_time\" content=\"2026-02-26T20:48:33+00:00\" \/>\n<meta name=\"twitter:card\" content=\"summary_large_image\" \/>\n<meta name=\"twitter:label1\" content=\"Tempo estimado de leitura\" \/>\n\t<meta name=\"twitter:data1\" content=\"10 minutos\" \/>\n<script type=\"application\/ld+json\" class=\"yoast-schema-graph\">{\"@context\":\"https:\/\/schema.org\",\"@graph\":[{\"@type\":\"WebPage\",\"@id\":\"https:\/\/hueck-rheinische.de\/pt-pt\/lei-das-embalagens\/\",\"url\":\"https:\/\/hueck-rheinische.de\/pt-pt\/lei-das-embalagens\/\",\"name\":\"Lei das Embalagens - HUECK Rheinische - Pressbleche, Presspolster und Dekore\",\"isPartOf\":{\"@id\":\"https:\/\/hueck-rheinische.de\/pt-pt\/#website\"},\"datePublished\":\"2024-10-10T20:05:27+00:00\",\"dateModified\":\"2026-02-26T20:48:33+00:00\",\"breadcrumb\":{\"@id\":\"https:\/\/hueck-rheinische.de\/pt-pt\/lei-das-embalagens\/#breadcrumb\"},\"inLanguage\":\"pt-PT\",\"potentialAction\":[{\"@type\":\"ReadAction\",\"target\":[\"https:\/\/hueck-rheinische.de\/pt-pt\/lei-das-embalagens\/\"]}]},{\"@type\":\"BreadcrumbList\",\"@id\":\"https:\/\/hueck-rheinische.de\/pt-pt\/lei-das-embalagens\/#breadcrumb\",\"itemListElement\":[{\"@type\":\"ListItem\",\"position\":1,\"name\":\"Startseite\",\"item\":\"https:\/\/hueck-rheinische.de\/pt-pt\/\"},{\"@type\":\"ListItem\",\"position\":2,\"name\":\"Lei das Embalagens\"}]},{\"@type\":\"WebSite\",\"@id\":\"https:\/\/hueck-rheinische.de\/pt-pt\/#website\",\"url\":\"https:\/\/hueck-rheinische.de\/pt-pt\/\",\"name\":\"HUECK Rheinische - Pressbleche, Presspolster und Dekore\",\"description\":\"\",\"potentialAction\":[{\"@type\":\"SearchAction\",\"target\":{\"@type\":\"EntryPoint\",\"urlTemplate\":\"https:\/\/hueck-rheinische.de\/pt-pt\/?s={search_term_string}\"},\"query-input\":{\"@type\":\"PropertyValueSpecification\",\"valueRequired\":true,\"valueName\":\"search_term_string\"}}],\"inLanguage\":\"pt-PT\"}]}<\/script>\n<!-- \/ Yoast SEO plugin. -->","yoast_head_json":{"title":"Lei das Embalagens - HUECK Rheinische - Pressbleche, Presspolster und Dekore","robots":{"index":"index","follow":"follow","max-snippet":"max-snippet:-1","max-image-preview":"max-image-preview:large","max-video-preview":"max-video-preview:-1"},"canonical":"https:\/\/hueck-rheinische.de\/pt-pt\/lei-das-embalagens\/","og_locale":"pt_PT","og_type":"article","og_title":"Lei das Embalagens - HUECK Rheinische - Pressbleche, Presspolster und Dekore","og_url":"https:\/\/hueck-rheinische.de\/pt-pt\/lei-das-embalagens\/","og_site_name":"HUECK Rheinische - Pressbleche, Presspolster und Dekore","article_modified_time":"2026-02-26T20:48:33+00:00","twitter_card":"summary_large_image","twitter_misc":{"Tempo estimado de leitura":"10 minutos"},"schema":{"@context":"https:\/\/schema.org","@graph":[{"@type":"WebPage","@id":"https:\/\/hueck-rheinische.de\/pt-pt\/lei-das-embalagens\/","url":"https:\/\/hueck-rheinische.de\/pt-pt\/lei-das-embalagens\/","name":"Lei das Embalagens - HUECK Rheinische - Pressbleche, Presspolster und Dekore","isPartOf":{"@id":"https:\/\/hueck-rheinische.de\/pt-pt\/#website"},"datePublished":"2024-10-10T20:05:27+00:00","dateModified":"2026-02-26T20:48:33+00:00","breadcrumb":{"@id":"https:\/\/hueck-rheinische.de\/pt-pt\/lei-das-embalagens\/#breadcrumb"},"inLanguage":"pt-PT","potentialAction":[{"@type":"ReadAction","target":["https:\/\/hueck-rheinische.de\/pt-pt\/lei-das-embalagens\/"]}]},{"@type":"BreadcrumbList","@id":"https:\/\/hueck-rheinische.de\/pt-pt\/lei-das-embalagens\/#breadcrumb","itemListElement":[{"@type":"ListItem","position":1,"name":"Startseite","item":"https:\/\/hueck-rheinische.de\/pt-pt\/"},{"@type":"ListItem","position":2,"name":"Lei das Embalagens"}]},{"@type":"WebSite","@id":"https:\/\/hueck-rheinische.de\/pt-pt\/#website","url":"https:\/\/hueck-rheinische.de\/pt-pt\/","name":"HUECK Rheinische - Pressbleche, Presspolster und Dekore","description":"","potentialAction":[{"@type":"SearchAction","target":{"@type":"EntryPoint","urlTemplate":"https:\/\/hueck-rheinische.de\/pt-pt\/?s={search_term_string}"},"query-input":{"@type":"PropertyValueSpecification","valueRequired":true,"valueName":"search_term_string"}}],"inLanguage":"pt-PT"}]}},"_links":{"self":[{"href":"https:\/\/hueck-rheinische.de\/pt-pt\/wp-json\/wp\/v2\/pages\/1206","targetHints":{"allow":["GET"]}}],"collection":[{"href":"https:\/\/hueck-rheinische.de\/pt-pt\/wp-json\/wp\/v2\/pages"}],"about":[{"href":"https:\/\/hueck-rheinische.de\/pt-pt\/wp-json\/wp\/v2\/types\/page"}],"author":[{"embeddable":true,"href":"https:\/\/hueck-rheinische.de\/pt-pt\/wp-json\/wp\/v2\/users\/1"}],"replies":[{"embeddable":true,"href":"https:\/\/hueck-rheinische.de\/pt-pt\/wp-json\/wp\/v2\/comments?post=1206"}],"version-history":[{"count":2,"href":"https:\/\/hueck-rheinische.de\/pt-pt\/wp-json\/wp\/v2\/pages\/1206\/revisions"}],"predecessor-version":[{"id":1208,"href":"https:\/\/hueck-rheinische.de\/pt-pt\/wp-json\/wp\/v2\/pages\/1206\/revisions\/1208"}],"wp:attachment":[{"href":"https:\/\/hueck-rheinische.de\/pt-pt\/wp-json\/wp\/v2\/media?parent=1206"}],"curies":[{"name":"wp","href":"https:\/\/api.w.org\/{rel}","templated":true}]}}