{"id":1525,"date":"2024-08-23T12:57:55","date_gmt":"2024-08-23T10:57:55","guid":{"rendered":"https:\/\/hueck-rheinische.de\/privacy\/"},"modified":"2026-03-04T23:20:00","modified_gmt":"2026-03-04T22:20:00","slug":"privacy","status":"publish","type":"page","link":"https:\/\/hueck-rheinische.de\/it\/privacy\/","title":{"rendered":"Privacy"},"content":{"rendered":"<div class=\"fusion-fullwidth fullwidth-box fusion-builder-row-1 fusion-flex-container has-pattern-background has-mask-background nonhundred-percent-fullwidth non-hundred-percent-height-scrolling\" style=\"--awb-border-radius-top-left:0px;--awb-border-radius-top-right:0px;--awb-border-radius-bottom-right:0px;--awb-border-radius-bottom-left:0px;--awb-flex-wrap:wrap;\" ><div class=\"fusion-builder-row fusion-row fusion-flex-align-items-flex-start fusion-flex-content-wrap\" style=\"max-width:calc( 1400px + 22px );margin-left: calc(-22px \/ 2 );margin-right: calc(-22px \/ 2 );\"><div class=\"fusion-layout-column fusion_builder_column fusion-builder-column-0 fusion_builder_column_1_1 1_1 fusion-flex-column\" style=\"--awb-bg-size:cover;--awb-width-large:100%;--awb-margin-top-large:0px;--awb-spacing-right-large:11px;--awb-margin-bottom-large:20px;--awb-spacing-left-large:11px;--awb-width-medium:100%;--awb-order-medium:0;--awb-spacing-right-medium:11px;--awb-spacing-left-medium:11px;--awb-width-small:100%;--awb-order-small:0;--awb-spacing-right-small:11px;--awb-spacing-left-small:11px;\"><div class=\"fusion-column-wrapper fusion-column-has-shadow fusion-flex-justify-content-flex-start fusion-content-layout-column\"><div class=\"fusion-text fusion-text-1\" style=\"--awb-font-size:18px;\"><h1><strong>Informativa sulla privacy<\/strong><\/h1>\n<div class=\"fusion-text fusion-text-2\">\n<h2 class=\"fusion-responsive-typography-calculated\" data-fontsize=\"24\" data-lineheight=\"36px\">1. Informazioni generali e responsabile del trattamento<\/h2>\n<p>La protezione della tua privacy e dei tuoi dati personali \u00e8 per noi una priorit\u00e0. Raccogliamo, trattiamo e utilizziamo i tuoi dati personali in conformit\u00e0 con il contenuto della presente informativa sulla privacy e con le normative applicabili in materia di protezione dei dati, in particolare il GDPR. Di seguito ti informiamo sul trattamento dei dati personali durante l&#8217;utilizzo delle nostre presenze online e ti chiediamo pertanto di leggere attentamente quanto segue.  <\/p>\n<p>Il responsabile del trattamento ai sensi dell&#8217;art. 4, comma 7 del GDPR per il trattamento dei dati su questo sito web \u00e8 HUECK Rheinische GmbH<br \/>\nHelmholtzstra\u00dfe 9<br \/>\n41707 Viersen<br \/>\nTelefono: +49 (0) 21 62 \/ 94694-0<br \/>\nE-mail: info@hueck-rheinische.de   <\/p>\n<p>Puoi contattare il nostro responsabile della protezione dei dati presso Holger Baunach \u2013 Organisationsberatung und Datenschutz<br \/>\nTelefono: +49 (0)2166 2625165<br \/>\nE-mail: kontakt@baunach.eu<\/p>\n<h2 class=\"fusion-responsive-typography-calculated\" data-fontsize=\"24\" data-lineheight=\"36px\">2. Trattamento dei dati personali<\/h2>\n<p>I dati personali sono tutte le informazioni che possono essere ricondotte a te personalmente. Questi includono, ad esempio, il tuo nome, i tuoi dati di contatto e l&#8217;indirizzo IP del tuo computer. <\/p>\n<p><strong>Richieste via e-mail, telefono<\/strong><br \/>\nSe ci contatti via e-mail, telefono o fax, la tua richiesta, inclusi tutti i dati personali che ne derivano (nome, indirizzo e-mail), verr\u00e0 archiviata ed elaborata da noi allo scopo di gestire la tua richiesta.<br \/>\nIl trattamento di questi dati si basa sull&#8217;art. 6, comma 1, lett. b del GDPR, qualora la tua richiesta sia correlata all&#8217;esecuzione di un contratto o sia necessaria per l&#8217;attuazione di misure precontrattuali. In tutti gli altri casi, il trattamento si basa sul nostro legittimo interesse a gestire efficacemente le richieste a noi indirizzate (art. 6, comma 1, lett. f del GDPR) o sul tuo consenso (art. 6, comma 1, lett. a del GDPR), se richiesto.<br \/>\nI dati che ci invii tramite richieste di contatto rimangono presso di noi fino a quando non ci chiedi di cancellarli, revochi il tuo consenso alla conservazione o venga meno lo scopo della conservazione dei dati (ad esempio, dopo aver completato la gestione della tua richiesta). Le disposizioni di legge vincolanti \u2013 in particolare i termini di conservazione previsti dalla legge \u2013 rimangono invariate.<br \/>\nNel caso in cui ricorriamo a fornitori di servizi incaricati per singole funzioni della nostra offerta o desideriamo utilizzare i tuoi dati per scopi pubblicitari, selezioneremo e monitoreremo sempre attentamente questi fornitori di servizi e ti informeremo in dettaglio sui rispettivi processi. In tal caso, indicheremo anche i criteri stabiliti per la durata della conservazione.<br \/>\nUlteriori informazioni sono disponibili nella nostra <a href=\"https:\/\/hueck-rheinische.de\/it\/informativa-sulla-privacy-clienti-fornitori\/\">Informativa sulla privacy per clienti commerciali e fornitori<\/a> e per <a href=\"https:\/\/hueck-rheinische.de\/it\/informazioni-sulla-privacy-per-i-candidati\/\">candidati<\/a>.     <\/p>\n<p><strong>Visita dei nostri siti web<\/strong><br \/>\nDurante l&#8217;utilizzo informativo dei siti web, ovvero la semplice visualizzazione senza registrazione e senza che tu ci comunichi altre informazioni, trattiamo i dati personali che il tuo browser trasmette al server del nostro fornitore di servizi. I dati descritti di seguito sono tecnicamente necessari per visualizzare i nostri siti web e garantire stabilit\u00e0 e sicurezza e devono pertanto essere trattati da noi. In questo contesto non viene effettuata alcuna analisi a scopo di marketing. Non abbiamo implementato alcun servizio di tracciamento sul nostro sito web.<br \/>\nIndirizzo IP<br \/>\nTimestamp (data e ora della richiesta)<br \/>\nDifferenza di fuso orario rispetto a GMT<br \/>\nRequest (contenuto della richiesta, pagina visitata)<br \/>\nStatus Code (stato di accesso\/codice di stato http)<br \/>\nSize in Byte (quantit\u00e0 di dati trasmessi)<br \/>\nReferrer (pagina visitata in precedenza)<br \/>\nBrowser web<br \/>\nSistema operativo<br \/>\nLingua e versione del browser<br \/>\nLa base giuridica \u00e8 l&#8217;art. 6, comma 1, frase 1, lett. f del GDPR: la durata di conservazione di questi dati \u00e8 di 7 giorni.     <\/p>\n<p><strong>Presenza online sui social media<\/strong><br \/>\nAttualmente manteniamo un profilo aziendale su LinkedIn per comunicare con clienti, potenziali clienti e utenti attivi sulla piattaforma e per informarli sui nostri servizi e prodotti.<br \/>\nLe informazioni contenute nella presente informativa sulla privacy si riferiscono al trattamento dei tuoi dati personali in relazione alla tua visita al nostro profilo aziendale su LinkedIn, nella misura in cui tale trattamento viene effettuato da noi.<\/p>\n<p>Inoltre, in parte avviene un trattamento di dati personali in responsabilit\u00e0 congiunta con LinkedIn Ireland Unlimited Company (di seguito: &#8220;LinkedIn&#8221;). Ulteriori informazioni sulla responsabilit\u00e0 congiunta e sul trattamento sono fornite da LinkedIn qui: <a href=\"https:\/\/www.linkedin.com\/legal\/privacy-policy?trk=homepage-basic_footer-privacy-policy\">https:\/\/www.linkedin.com\/legal\/privacy-policy?trk=homepage-basic_footer-privacy-policy<\/a> e <a href=\"https:\/\/legal.linkedin.com\/pages-joint-controller-addendum\">https:\/\/legal.linkedin.com\/pages-joint-controller-addendum<\/a>. <\/p>\n<p>In relazione alla tua visita al nostro profilo aziendale, LinkedIn potrebbe anche trattare ulteriori dati personali. In questo caso, il trattamento avviene sotto l&#8217;esclusiva responsabilit\u00e0 di LinkedIn e senza la nostra conoscenza. Ulteriori informazioni da LinkedIn a questo proposito sono disponibili su: <a href=\"https:\/\/www.linkedin.com\/legal\/privacy-policy?trk=homepage-basic_footer-privacy-policy\">https:\/\/www.linkedin.com\/legal\/privacy-policy?trk=homepage-basic_footer-privacy-policy<\/a>.  <\/p>\n<p>Trattiamo i tuoi dati personali nell&#8217;ambito del nostro profilo aziendale LinkedIn per i seguenti scopi:<\/p>\n<p><strong>a) Contatto e interazione<\/strong><br \/>\nTrattiamo i tuoi dati personali quando entri in contatto con noi tramite il nostro profilo aziendale utilizzando le funzioni messe a disposizione (ad esempio, seguire, messaggi, funzione commenti, post, pulsante &#8220;Mi piace&#8221;, inoltro\/condivisione) o quando accedi ai contenuti da noi forniti.<br \/>\nQuando entri in contatto con noi in questo modo, trattiamo i tuoi dati personali direttamente visibili (di norma: nome utente, immagine del profilo, contenuto dei messaggi eventualmente incluse le foto in essi contenute, data e ora dell&#8217;interazione) per rispondere al tuo contatto. Trattiamo i tuoi dati personali anche per la rappresentazione esterna dell&#8217;azienda e per informare e ottimizzare i nostri prodotti e progetti.<br \/>\nLa base giuridica per il trattamento \u00e8 l&#8217;articolo 6, comma 1, lettera f) del GDPR. Il legittimo interesse da noi perseguito consiste nel contattare (potenziali) partner contrattuali, potenziali clienti e candidati, nella rappresentazione esterna e nell&#8217;informarti sui nostri prodotti e progetti.<br \/>\nLa base giuridica per il trattamento dei tuoi dati personali \u00e8 l&#8217;articolo 6, comma 1, lettera b) del GDPR, qualora il tuo contatto tramite LinkedIn avvenga allo scopo di concludere o eseguire un contratto con noi.  <\/p>\n<p><strong>b) Analisi a scopo statistico tramite Page Insights<\/strong><br \/>\nUtilizziamo Page Insights allo scopo di progettare in modo mirato e ottimizzare continuamente la nostra offerta sul nostro profilo aziendale sui social media. Durante una visita o un&#8217;interazione sul nostro profilo aziendale, riceviamo dal fornitore informazioni anonimizzate sotto forma di statistiche sui nostri visitatori e sulla loro interazione sul nostro profilo aziendale (Page Insights).<br \/>\nTrattiamo i dati tramite Page Insights allo scopo di ottimizzare la nostra offerta e garantire una comunicazione pi\u00f9 efficace con (potenziali) partner contrattuali, potenziali clienti e candidati.<br \/>\nLa base giuridica per il trattamento dei tuoi dati personali \u00e8 l&#8217;articolo 6, comma 1, lettera f) del GDPR. Il legittimo interesse da noi perseguito consiste nel migliorare la nostra offerta sul nostro profilo aziendale.<br \/>\nIl trattamento avviene in questo caso in responsabilit\u00e0 congiunta con LinkedIn ai sensi dell&#8217;articolo 26 del GDPR. L&#8217;essenziale dell&#8217;accordo per i responsabili congiunti del trattamento \u00e8 messo a disposizione da LinkedIn qui: <a href=\"https:\/\/legal.linkedin.com\/pages-joint-controller-addendum\">https:\/\/legal.linkedin.com\/pages-joint-controller-addendum<\/a>.   <\/p>\n<p>Trattiamo i tuoi dati personali fondamentalmente solo in Germania e nell&#8217;Unione Europea.<br \/>\nLinkedIn trasmette dati personali anche in paesi al di fuori dell&#8217;UE e dello Spazio Economico Europeo (&#8220;paesi terzi&#8221;). Maggiori dettagli sono disponibili nella loro informativa sulla privacy (<a href=\"https:\/\/www.linkedin.com\/legal\/privacy-policy?trk=homepage-basic_footer-privacy-policy\">https:\/\/www.linkedin.com\/legal\/privacy-policy?trk=homepage-basic_footer-privacy-policy<\/a>). <\/p>\n<p>Cancelliamo i dati conservati per i motivi sopra indicati quando non sono pi\u00f9 necessari per gli scopi da noi perseguiti e non intervengono altre basi giuridiche, in particolare termini di conservazione legali o contrattuali. Se entri in contatto con noi tramite le funzioni messe a disposizione (ad esempio, funzione commenti), trattiamo i tuoi dati al massimo finch\u00e9 sono visibili per noi. Puoi determinare tu stesso la visibilit\u00e0 rimuovendo i tuoi rispettivi dati, ad esempio eliminando il tuo commento sulla nostra pagina LinkedIn o la tua recensione.  <\/p>\n<p><strong>Plugin per la prenotazione di appuntamenti Bookly Pro<\/strong><br \/>\nSul nostro sito web hai la possibilit\u00e0 di fissare appuntamenti con noi. Per questa prenotazione utilizziamo il plugin WordPress &#8220;Bookly Pro&#8221;. L&#8217;informativa sulla privacy del produttore \u00e8 disponibile su: <a href=\"https:\/\/www.booking-wp-plugin.com\/privacy\/\">https:\/\/www.booking-wp-plugin.com\/privacy\/<\/a>.<br \/>\nPer poter fissare un appuntamento con noi in questo modo, ti chiediamo di inserire vari dati nel modulo di prenotazione. I dati da te inseriti vengono utilizzati per la pianificazione, l&#8217;esecuzione e, se necessario, per il follow-up dell&#8217;appuntamento desiderato, per concordare con te l&#8217;appuntamento richiesto e per poterti contattare successivamente in caso di modifiche all&#8217;appuntamento o impedimenti. All&#8217;indirizzo e-mail da te fornito ti inviamo la conferma della prenotazione per l&#8217;appuntamento selezionato. Oltre ai dati generali di utilizzo del sito web, si tratta dei seguenti dati personali che vengono trattati da noi:<br \/>\nIl tuo nome e appartenenza aziendale, eventualmente i nomi dei tuoi accompagnatori, il tuo numero di telefono professionale (facoltativo) e indirizzo e-mail, la data e l&#8217;ora desiderate.<br \/>\nI dati da te inseriti vengono conservati fino a quando non ci chiedi di cancellarli o viene meno lo scopo della conservazione dei dati. Le disposizioni di legge vincolanti \u2013 in particolare i termini di conservazione \u2013 rimangono invariate.<br \/>\nLa base giuridica per questo trattamento \u00e8 il nostro legittimo interesse ai sensi dell&#8217;art. 6, comma 1, lett. f del GDPR, di offrirti un modo user-friendly, che fa risparmiare tempo e moderno per fissare appuntamenti con noi. Se non desideri utilizzare questa possibilit\u00e0, chiamaci o scrivici un&#8217;e-mail.          <\/p>\n<h2 class=\"fusion-responsive-typography-calculated\" data-fontsize=\"24\" data-lineheight=\"36px\">3. Hosting esterno<\/h2>\n<p>Questo sito web e i dati del plugin Bookly Pro sono ospitati presso un fornitore di servizi esterno (hoster). I dati personali raccolti su questo sito web vengono archiviati esclusivamente in Germania sui server dell&#8217;hoster. Abbiamo stipulato con il gestore un contratto di trattamento dei dati ai sensi dell&#8217;art. 28 del GDPR.<br \/>\nL&#8217;utilizzo dell&#8217;hoster avviene allo scopo di adempiere al contratto nei confronti dei nostri potenziali ed esistenti partner commerciali (art. 6, comma 1, lett. b del GDPR) e nell&#8217;interesse di una fornitura sicura, rapida ed efficiente delle nostre informazioni e offerte di servizi da parte di un fornitore professionale (art. 6, comma 1, lett. f del GDPR).<br \/>\nIl nostro hoster tratter\u00e0 i tuoi dati solo nella misura necessaria per adempiere ai suoi obblighi contrattuali e seguir\u00e0 le nostre istruzioni in merito a tali dati.  <\/p>\n<p>Utilizziamo il seguente hoster:<br \/>\njweiland.net \u2013 Jochen Weiland<br \/>\nEchterdinger Str. 57<br \/>\n70794 Filderstadt<\/p>\n<h2 class=\"fusion-responsive-typography-calculated\" data-fontsize=\"24\" data-lineheight=\"36px\">4. Sicurezza dei dati<\/h2>\n<p>Questo sito utilizza, per motivi di sicurezza e per proteggere la trasmissione di contenuti riservati che ci invii come gestore del sito, una crittografia SSL o TLS. Puoi riconoscere una connessione crittografata dal fatto che la barra degli indirizzi del browser passa da &#8220;http:\/\/&#8221; a &#8220;https:\/\/&#8221; e dal simbolo del lucchetto nella barra del browser.<br \/>\nQuando la crittografia SSL o TLS \u00e8 attivata, i dati che ci trasmetti non possono essere letti da terzi. <\/p>\n<h2 class=\"fusion-responsive-typography-calculated\" data-fontsize=\"24\" data-lineheight=\"36px\">5. Trasmissione di dati personali a terzi\/destinatari<\/h2>\n<p>Trattiamo i tuoi dati personali in modo strettamente confidenziale. Vengono trasmessi a terzi o destinatari solo se <\/p>\n<ul>\n<li>hai espressamente acconsentito ai sensi dell&#8217;art. 6, comma 1, frase 1, lett. a) del GDPR, <\/li>\n<li>la trasmissione \u00e8 necessaria ai sensi dell&#8217;art. 6, comma 1, frase 1, lett. f) del GDPR per tutelare i legittimi interessi del responsabile del trattamento o di un terzo e non vi \u00e8 motivo di ritenere che tu abbia un interesse prevalente degno di protezione alla non trasmissione dei tuoi dati, <\/li>\n<li>esiste un obbligo legale per la trasmissione dei dati ai sensi dell&#8217;art. 6, comma 1, frase 1, lett. c) del GDPR, e\/o <\/li>\n<li>ci\u00f2 \u00e8 necessario ai sensi dell&#8217;art. 6, comma 1, frase 1, lett. b) del GDPR per l&#8217;adempimento di un rapporto contrattuale con te. <\/li>\n<\/ul>\n<h2 class=\"fusion-responsive-typography-calculated\" data-fontsize=\"24\" data-lineheight=\"36px\">6. Cookie<\/h2>\n<p>Sul nostro sito web vengono utilizzati solo cookie tecnicamente necessari:<\/p>\n<ul>\n<li>un cosiddetto cookie di sessione, che viene eliminato dopo la chiusura del browser. Questo serve ad associare diverse richieste del browser a una sessione. <\/li>\n<li>Un cookie di riconoscimento della lingua con una durata di conservazione di un giorno<\/li>\n<\/ul>\n<p>La base giuridica \u00e8 il \u00a7 25, comma 2, punto 2 del TDDDG.  <\/p>\n<p>Modificando le impostazioni del tuo browser Internet puoi disattivare o limitare la trasmissione dei cookie. I cookie gi\u00e0 salvati possono essere eliminati in qualsiasi momento. Questo pu\u00f2 avvenire anche in modo automatico. Se i cookie vengono disattivati per il nostro sito web, potrebbe non essere pi\u00f9 possibile utilizzare tutte le funzioni del sito in modo completo.   <\/p>\n<h2 class=\"fusion-responsive-typography-calculated\" data-fontsize=\"24\" data-lineheight=\"36px\">7. Modifiche alla presente informativa sulla privacy<\/h2>\n<p>Ci riserviamo il diritto di modificare la presente informativa sulla privacy in qualsiasi momento con effetto per il futuro. Una versione aggiornata \u00e8 disponibile sul sito web. Visita regolarmente il sito web e informati sull&#8217;informativa sulla privacy in vigore.  <\/p>\n<h2 class=\"fusion-responsive-typography-calculated\" data-fontsize=\"24\" data-lineheight=\"36px\">8. I tuoi diritti come interessato<\/h2>\n<p>Nell&#8217;ambito dei requisiti di legge, hai il diritto di:<\/p>\n<ul>\n<li>richiedere conferma se trattiamo dati personali che ti riguardano; in tal caso, hai il diritto di ottenere informazioni su tale trattamento.<\/li>\n<li>richiedere la rettifica di dati personali inesatti che ti riguardano e il completamento di dati personali incompleti che ti riguardano.<\/li>\n<li>richiedere la cancellazione dei dati personali che ti riguardano.<\/li>\n<li>richiedere la limitazione del trattamento dei dati personali che ti riguardano.<br \/>\nricevere i dati personali che ti riguardano e che hai fornito in un formato strutturato, di uso comune e leggibile da dispositivo automatico o di trasmetterli a un altro responsabile del trattamento (portabilit\u00e0 dei dati).<\/li>\n<\/ul>\n<p>Se ci hai dato il tuo consenso, hai inoltre il diritto di revocarlo in qualsiasi momento. Tutti i trattamenti di dati che abbiamo effettuato fino alla tua revoca rimangono in questo caso legittimi. <\/p>\n<hr>\n<p><strong>Diritto di opposizione per casi specifici:<\/strong><br \/>\nHai il diritto di opporti in qualsiasi momento, per motivi legati alla tua situazione particolare, al trattamento dei dati personali che ti riguardano basato sull&#8217;art. 6, comma 1, lett. e) del GDPR (esecuzione di un compito di interesse pubblico o nell&#8217;esercizio di pubblici poteri) o sull&#8217;art. 6, comma 1, lett. f) del GDPR (bilanciamento degli interessi); ci\u00f2 vale anche per la profilazione basata su tali disposizioni.<br \/>\nSe ti opponi, non tratteremo pi\u00f9 i tuoi dati personali, a meno che non possiamo dimostrare motivi legittimi cogenti per il trattamento che prevalgono sui tuoi interessi, diritti e libert\u00e0, o il trattamento serve per far valere, esercitare o difendere diritti legali.    <\/p>\n<p><strong>Opposizione al trattamento dei dati a scopo di marketing diretto:<\/strong><br \/>\nTrattiamo i tuoi dati personali anche per svolgere attivit\u00e0 di marketing diretto. Hai il diritto di opporti in qualsiasi momento al trattamento dei dati che ti riguardano a scopo di tale pubblicit\u00e0; ci\u00f2 vale anche per la profilazione, nella misura in cui \u00e8 collegata a tale marketing diretto.<br \/>\nSe ti opponi al trattamento per scopi di marketing diretto, non tratteremo pi\u00f9 i tuoi dati personali per tali scopi. <\/p>\n<hr>\n<p>Puoi inoltre presentare un <strong>reclamo a un&#8217;autorit\u00e0 di controllo<\/strong> se ritieni che il trattamento dei tuoi dati violi la normativa sulla protezione dei dati, in particolare nello Stato membro dell&#8217;UE o nel Land federale del tuo luogo di residenza abituale, del tuo luogo di lavoro o del luogo della presunta violazione.<\/p>\n<p>Ci\u00f2 include anche l&#8217;autorit\u00e0 di controllo competente per noi:<br \/>\n<strong>Responsabile della protezione dei dati e della libert\u00e0 di informazione<\/strong><br \/>\n<strong>Renania Settentrionale-Vestfalia<\/strong><br \/>\nPostfach 20 04 44<br \/>\n40102 D\u00fcsseldorf<br \/>\nTel.: 0211\/38424-0<br \/>\nFax: 0211\/38424-10<br \/>\nE-mail: poststelle@ldi.nrw.de<\/p>\n<p>Se desideri informazioni sui dati conservati relativi alla tua persona, far valere i tuoi altri diritti o hai domande sulla protezione dei dati presso di noi, puoi contattarci al seguente indirizzo e-mail.<\/p>\n<p>privacy@hueck-rheinische.de<\/p>\n<p>Stato dell&#8217;informativa sulla privacy:<br \/>\ngennaio 2024<\/p>\n<\/div>\n<\/div><\/div><\/div><\/div><\/div>\n","protected":false},"excerpt":{"rendered":"","protected":false},"author":1,"featured_media":0,"parent":0,"menu_order":0,"comment_status":"closed","ping_status":"closed","template":"100-width.php","meta":{"footnotes":""},"class_list":["post-1525","page","type-page","status-publish","hentry"],"yoast_head":"<!-- This site is optimized with the Yoast SEO plugin v27.1.1 - https:\/\/yoast.com\/product\/yoast-seo-wordpress\/ -->\n<title>Privacy - HUECK Rheinische - Pressbleche, Presspolster und Dekore<\/title>\n<meta name=\"robots\" content=\"index, follow, max-snippet:-1, max-image-preview:large, max-video-preview:-1\" \/>\n<link rel=\"canonical\" href=\"https:\/\/hueck-rheinische.de\/it\/privacy\/\" \/>\n<meta property=\"og:locale\" content=\"it_IT\" \/>\n<meta property=\"og:type\" content=\"article\" \/>\n<meta property=\"og:title\" content=\"Privacy - HUECK Rheinische - Pressbleche, Presspolster und Dekore\" \/>\n<meta property=\"og:url\" content=\"https:\/\/hueck-rheinische.de\/it\/privacy\/\" \/>\n<meta property=\"og:site_name\" content=\"HUECK Rheinische - Pressbleche, Presspolster und Dekore\" \/>\n<meta property=\"article:modified_time\" content=\"2026-03-04T22:20:00+00:00\" \/>\n<meta name=\"twitter:card\" content=\"summary_large_image\" \/>\n<meta name=\"twitter:label1\" content=\"Tempo di lettura stimato\" \/>\n\t<meta name=\"twitter:data1\" content=\"17 minuti\" \/>\n<script type=\"application\/ld+json\" class=\"yoast-schema-graph\">{\"@context\":\"https:\/\/schema.org\",\"@graph\":[{\"@type\":\"WebPage\",\"@id\":\"https:\/\/hueck-rheinische.de\/it\/privacy\/\",\"url\":\"https:\/\/hueck-rheinische.de\/it\/privacy\/\",\"name\":\"Privacy - HUECK Rheinische - Pressbleche, Presspolster und Dekore\",\"isPartOf\":{\"@id\":\"https:\/\/hueck-rheinische.de\/it\/#website\"},\"datePublished\":\"2024-08-23T10:57:55+00:00\",\"dateModified\":\"2026-03-04T22:20:00+00:00\",\"breadcrumb\":{\"@id\":\"https:\/\/hueck-rheinische.de\/it\/privacy\/#breadcrumb\"},\"inLanguage\":\"it-IT\",\"potentialAction\":[{\"@type\":\"ReadAction\",\"target\":[\"https:\/\/hueck-rheinische.de\/it\/privacy\/\"]}]},{\"@type\":\"BreadcrumbList\",\"@id\":\"https:\/\/hueck-rheinische.de\/it\/privacy\/#breadcrumb\",\"itemListElement\":[{\"@type\":\"ListItem\",\"position\":1,\"name\":\"Startseite\",\"item\":\"https:\/\/hueck-rheinische.de\/it\/\"},{\"@type\":\"ListItem\",\"position\":2,\"name\":\"Privacy\"}]},{\"@type\":\"WebSite\",\"@id\":\"https:\/\/hueck-rheinische.de\/it\/#website\",\"url\":\"https:\/\/hueck-rheinische.de\/it\/\",\"name\":\"HUECK Rheinische - Pressbleche, Presspolster und Dekore\",\"description\":\"\",\"potentialAction\":[{\"@type\":\"SearchAction\",\"target\":{\"@type\":\"EntryPoint\",\"urlTemplate\":\"https:\/\/hueck-rheinische.de\/it\/?s={search_term_string}\"},\"query-input\":{\"@type\":\"PropertyValueSpecification\",\"valueRequired\":true,\"valueName\":\"search_term_string\"}}],\"inLanguage\":\"it-IT\"}]}<\/script>\n<!-- \/ Yoast SEO plugin. -->","yoast_head_json":{"title":"Privacy - HUECK Rheinische - Pressbleche, Presspolster und Dekore","robots":{"index":"index","follow":"follow","max-snippet":"max-snippet:-1","max-image-preview":"max-image-preview:large","max-video-preview":"max-video-preview:-1"},"canonical":"https:\/\/hueck-rheinische.de\/it\/privacy\/","og_locale":"it_IT","og_type":"article","og_title":"Privacy - HUECK Rheinische - Pressbleche, Presspolster und Dekore","og_url":"https:\/\/hueck-rheinische.de\/it\/privacy\/","og_site_name":"HUECK Rheinische - Pressbleche, Presspolster und Dekore","article_modified_time":"2026-03-04T22:20:00+00:00","twitter_card":"summary_large_image","twitter_misc":{"Tempo di lettura stimato":"17 minuti"},"schema":{"@context":"https:\/\/schema.org","@graph":[{"@type":"WebPage","@id":"https:\/\/hueck-rheinische.de\/it\/privacy\/","url":"https:\/\/hueck-rheinische.de\/it\/privacy\/","name":"Privacy - HUECK Rheinische - Pressbleche, Presspolster und Dekore","isPartOf":{"@id":"https:\/\/hueck-rheinische.de\/it\/#website"},"datePublished":"2024-08-23T10:57:55+00:00","dateModified":"2026-03-04T22:20:00+00:00","breadcrumb":{"@id":"https:\/\/hueck-rheinische.de\/it\/privacy\/#breadcrumb"},"inLanguage":"it-IT","potentialAction":[{"@type":"ReadAction","target":["https:\/\/hueck-rheinische.de\/it\/privacy\/"]}]},{"@type":"BreadcrumbList","@id":"https:\/\/hueck-rheinische.de\/it\/privacy\/#breadcrumb","itemListElement":[{"@type":"ListItem","position":1,"name":"Startseite","item":"https:\/\/hueck-rheinische.de\/it\/"},{"@type":"ListItem","position":2,"name":"Privacy"}]},{"@type":"WebSite","@id":"https:\/\/hueck-rheinische.de\/it\/#website","url":"https:\/\/hueck-rheinische.de\/it\/","name":"HUECK Rheinische - Pressbleche, Presspolster und Dekore","description":"","potentialAction":[{"@type":"SearchAction","target":{"@type":"EntryPoint","urlTemplate":"https:\/\/hueck-rheinische.de\/it\/?s={search_term_string}"},"query-input":{"@type":"PropertyValueSpecification","valueRequired":true,"valueName":"search_term_string"}}],"inLanguage":"it-IT"}]}},"_links":{"self":[{"href":"https:\/\/hueck-rheinische.de\/it\/wp-json\/wp\/v2\/pages\/1525","targetHints":{"allow":["GET"]}}],"collection":[{"href":"https:\/\/hueck-rheinische.de\/it\/wp-json\/wp\/v2\/pages"}],"about":[{"href":"https:\/\/hueck-rheinische.de\/it\/wp-json\/wp\/v2\/types\/page"}],"author":[{"embeddable":true,"href":"https:\/\/hueck-rheinische.de\/it\/wp-json\/wp\/v2\/users\/1"}],"replies":[{"embeddable":true,"href":"https:\/\/hueck-rheinische.de\/it\/wp-json\/wp\/v2\/comments?post=1525"}],"version-history":[{"count":2,"href":"https:\/\/hueck-rheinische.de\/it\/wp-json\/wp\/v2\/pages\/1525\/revisions"}],"predecessor-version":[{"id":1527,"href":"https:\/\/hueck-rheinische.de\/it\/wp-json\/wp\/v2\/pages\/1525\/revisions\/1527"}],"wp:attachment":[{"href":"https:\/\/hueck-rheinische.de\/it\/wp-json\/wp\/v2\/media?parent=1525"}],"curies":[{"name":"wp","href":"https:\/\/api.w.org\/{rel}","templated":true}]}}