{"id":1217,"date":"2024-10-10T22:05:27","date_gmt":"2024-10-10T20:05:27","guid":{"rendered":"https:\/\/hueck-rheinische.de\/sulla-legge-sugli-imballaggi\/"},"modified":"2026-02-26T21:54:48","modified_gmt":"2026-02-26T20:54:48","slug":"sulla-legge-sugli-imballaggi","status":"publish","type":"page","link":"https:\/\/hueck-rheinische.de\/it\/sulla-legge-sugli-imballaggi\/","title":{"rendered":"Sulla legge sugli imballaggi"},"content":{"rendered":"<div class=\"fusion-fullwidth fullwidth-box fusion-builder-row-1 fusion-flex-container has-pattern-background has-mask-background nonhundred-percent-fullwidth non-hundred-percent-height-scrolling\" style=\"--awb-border-radius-top-left:0px;--awb-border-radius-top-right:0px;--awb-border-radius-bottom-right:0px;--awb-border-radius-bottom-left:0px;--awb-flex-wrap:wrap;\" ><div class=\"fusion-builder-row fusion-row fusion-flex-align-items-flex-start fusion-flex-content-wrap\" style=\"max-width:calc( 1400px + 22px );margin-left: calc(-22px \/ 2 );margin-right: calc(-22px \/ 2 );\"><div class=\"fusion-layout-column fusion_builder_column fusion-builder-column-0 fusion_builder_column_1_1 1_1 fusion-flex-column\" style=\"--awb-padding-bottom:30px;--awb-bg-size:cover;--awb-width-large:100%;--awb-margin-top-large:0px;--awb-spacing-right-large:11px;--awb-margin-bottom-large:20px;--awb-spacing-left-large:11px;--awb-width-medium:100%;--awb-order-medium:0;--awb-spacing-right-medium:11px;--awb-spacing-left-medium:11px;--awb-width-small:100%;--awb-order-small:0;--awb-spacing-right-small:11px;--awb-spacing-left-small:11px;\" data-scroll-devices=\"small-visibility,medium-visibility,large-visibility\"><div class=\"fusion-column-wrapper fusion-column-has-shadow fusion-flex-justify-content-flex-start fusion-content-layout-column\"><div class=\"fusion-text fusion-text-1\"><h1><strong>Informazione al cliente sulla legge sugli imballaggi (VerpackG)<\/strong><\/h1>\n<p>Egregia Signora, Egregio Signore,<\/p>\n<p>ai sensi del \u00a7 15, comma 1, frase 1, della VerpackG, tutti i consumatori finali devono essere informati sulla possibilit\u00e0 di restituzione degli imballaggi non soggetti all\u2019obbligo di partecipazione al sistema, nonch\u00e9 sul senso e scopo di tale possibilit\u00e0 di restituzione e sul relativo smaltimento.<\/p>\n<p>La HUECK Rheinische GmbH, in quanto responsabile azienda industriale e produttrice di lamiere di pressatura e feltri\/cuscinetti di pressatura, garantisce uno smaltimento di rifiuti e materiali, quali cartoni e pallet, conforme alla legge e rispettoso dell\u2019ambiente, in conformit\u00e0 alla VerpackG. Noi, HUECK Rheinische GmbH, ci assumiamo la responsabilit\u00e0 del rispetto delle disposizioni di legge in materia di prevenzione, riutilizzo e\/o conferimento al riciclo di rifiuti e materiali. <\/p>\n<p>Gli imballaggi dei nostri prodotti non possono pertanto essere smaltiti tramite la raccolta comunale dei rifiuti. In alternativa, ha la possibilit\u00e0 di restituirli nel luogo dell\u2019effettiva consegna. Poich\u00e9, di regola, consegniamo i nostri prodotti sulla base di FCA Viersen (INCOTERMS 2020) ovvero franco fabbrica, ci\u00f2 significa che pu\u00f2 restituire gratuitamente gli imballaggi presso la HUECK Rheinische GmbH a Viersen [OPPURE: presso le sedi della HUECK Rheinische GmbH]. In questo caso, i costi di trasporto sono a suo carico. Per garantire una gestione senza intoppi della restituzione, la preghiamo di concordarla preventivamente con noi. Qualora, in singoli casi, la consegna dei nostri prodotti a un cliente con sede in Germania avvenga in un altro luogo, \u00e8 necessario stipulare un accordo separato sulle modalit\u00e0 di restituzione.     <\/p>\n<p>Erg\u00e4nzend weisen wir darauf hin, dass Sie nicht verpflichtet sind, die gelieferten Verpackungen an uns zur\u00fcckzugeben.<\/p>\n<\/div><\/div><\/div><div class=\"fusion-layout-column fusion_builder_column fusion-builder-column-1 fusion_builder_column_1_1 1_1 fusion-flex-column\" style=\"--awb-bg-size:cover;--awb-width-large:100%;--awb-margin-top-large:0px;--awb-spacing-right-large:11px;--awb-margin-bottom-large:20px;--awb-spacing-left-large:11px;--awb-width-medium:100%;--awb-order-medium:0;--awb-spacing-right-medium:11px;--awb-spacing-left-medium:11px;--awb-width-small:100%;--awb-order-small:0;--awb-spacing-right-small:11px;--awb-spacing-left-small:11px;\"><div class=\"fusion-column-wrapper fusion-column-has-shadow fusion-flex-justify-content-flex-start fusion-content-layout-column\"><div class=\"fusion-text fusion-text-2\"><h2><strong>Inoltre, segnaliamo che non \u00e8 obbligato(a) a restituirci gli imballaggi forniti.<\/strong><\/h2>\n<p>La HUECK Rheinische GmbH \u00e8 registrata ai sensi del \u00a7 9 della VerpackG presso la Stiftung Zentrale Stelle Verpackungsregister (ZSVR) con il numero di registrazione DE2859316767835.<\/p>\n<p>Adempiamo al nostro obbligo di rispettare le disposizioni ambientali pertinenti e di migliorare costantemente la tutela dell\u2019ambiente con<\/p>\n<p>impegno e motivazione. Da molti anni riduciamo costantemente i nostri impatti ambientali, ad esempio rifiuti, sostanze inquinanti o consumo di energia, nella produzione e nei nostri prodotti. Qualora desiderasse ulteriori informazioni ambientali, non esiti a contattarci.<\/p>\n<\/div><\/div><\/div><\/div><\/div>\n","protected":false},"excerpt":{"rendered":"","protected":false},"author":1,"featured_media":0,"parent":0,"menu_order":0,"comment_status":"closed","ping_status":"closed","template":"100-width.php","meta":{"footnotes":""},"class_list":["post-1217","page","type-page","status-publish","hentry"],"yoast_head":"<!-- This site is optimized with the Yoast SEO plugin v27.1.1 - https:\/\/yoast.com\/product\/yoast-seo-wordpress\/ -->\n<title>Sulla legge sugli imballaggi - HUECK Rheinische - Pressbleche, Presspolster und Dekore<\/title>\n<meta name=\"robots\" content=\"index, follow, max-snippet:-1, max-image-preview:large, max-video-preview:-1\" \/>\n<link rel=\"canonical\" href=\"https:\/\/hueck-rheinische.de\/it\/sulla-legge-sugli-imballaggi\/\" \/>\n<meta property=\"og:locale\" content=\"it_IT\" \/>\n<meta property=\"og:type\" content=\"article\" \/>\n<meta property=\"og:title\" content=\"Sulla legge sugli imballaggi - HUECK Rheinische - Pressbleche, Presspolster und Dekore\" \/>\n<meta property=\"og:url\" content=\"https:\/\/hueck-rheinische.de\/it\/sulla-legge-sugli-imballaggi\/\" \/>\n<meta property=\"og:site_name\" content=\"HUECK Rheinische - Pressbleche, Presspolster und Dekore\" \/>\n<meta property=\"article:modified_time\" content=\"2026-02-26T20:54:48+00:00\" \/>\n<meta name=\"twitter:card\" content=\"summary_large_image\" \/>\n<meta name=\"twitter:label1\" content=\"Tempo di lettura stimato\" \/>\n\t<meta name=\"twitter:data1\" content=\"10 minuti\" \/>\n<script type=\"application\/ld+json\" class=\"yoast-schema-graph\">{\"@context\":\"https:\/\/schema.org\",\"@graph\":[{\"@type\":\"WebPage\",\"@id\":\"https:\/\/hueck-rheinische.de\/it\/sulla-legge-sugli-imballaggi\/\",\"url\":\"https:\/\/hueck-rheinische.de\/it\/sulla-legge-sugli-imballaggi\/\",\"name\":\"Sulla legge sugli imballaggi - HUECK Rheinische - Pressbleche, Presspolster und Dekore\",\"isPartOf\":{\"@id\":\"https:\/\/hueck-rheinische.de\/it\/#website\"},\"datePublished\":\"2024-10-10T20:05:27+00:00\",\"dateModified\":\"2026-02-26T20:54:48+00:00\",\"breadcrumb\":{\"@id\":\"https:\/\/hueck-rheinische.de\/it\/sulla-legge-sugli-imballaggi\/#breadcrumb\"},\"inLanguage\":\"it-IT\",\"potentialAction\":[{\"@type\":\"ReadAction\",\"target\":[\"https:\/\/hueck-rheinische.de\/it\/sulla-legge-sugli-imballaggi\/\"]}]},{\"@type\":\"BreadcrumbList\",\"@id\":\"https:\/\/hueck-rheinische.de\/it\/sulla-legge-sugli-imballaggi\/#breadcrumb\",\"itemListElement\":[{\"@type\":\"ListItem\",\"position\":1,\"name\":\"Startseite\",\"item\":\"https:\/\/hueck-rheinische.de\/it\/\"},{\"@type\":\"ListItem\",\"position\":2,\"name\":\"Sulla legge sugli imballaggi\"}]},{\"@type\":\"WebSite\",\"@id\":\"https:\/\/hueck-rheinische.de\/it\/#website\",\"url\":\"https:\/\/hueck-rheinische.de\/it\/\",\"name\":\"HUECK Rheinische - Pressbleche, Presspolster und Dekore\",\"description\":\"\",\"potentialAction\":[{\"@type\":\"SearchAction\",\"target\":{\"@type\":\"EntryPoint\",\"urlTemplate\":\"https:\/\/hueck-rheinische.de\/it\/?s={search_term_string}\"},\"query-input\":{\"@type\":\"PropertyValueSpecification\",\"valueRequired\":true,\"valueName\":\"search_term_string\"}}],\"inLanguage\":\"it-IT\"}]}<\/script>\n<!-- \/ Yoast SEO plugin. -->","yoast_head_json":{"title":"Sulla legge sugli imballaggi - HUECK Rheinische - Pressbleche, Presspolster und Dekore","robots":{"index":"index","follow":"follow","max-snippet":"max-snippet:-1","max-image-preview":"max-image-preview:large","max-video-preview":"max-video-preview:-1"},"canonical":"https:\/\/hueck-rheinische.de\/it\/sulla-legge-sugli-imballaggi\/","og_locale":"it_IT","og_type":"article","og_title":"Sulla legge sugli imballaggi - HUECK Rheinische - Pressbleche, Presspolster und Dekore","og_url":"https:\/\/hueck-rheinische.de\/it\/sulla-legge-sugli-imballaggi\/","og_site_name":"HUECK Rheinische - Pressbleche, Presspolster und Dekore","article_modified_time":"2026-02-26T20:54:48+00:00","twitter_card":"summary_large_image","twitter_misc":{"Tempo di lettura stimato":"10 minuti"},"schema":{"@context":"https:\/\/schema.org","@graph":[{"@type":"WebPage","@id":"https:\/\/hueck-rheinische.de\/it\/sulla-legge-sugli-imballaggi\/","url":"https:\/\/hueck-rheinische.de\/it\/sulla-legge-sugli-imballaggi\/","name":"Sulla legge sugli imballaggi - HUECK Rheinische - Pressbleche, Presspolster und Dekore","isPartOf":{"@id":"https:\/\/hueck-rheinische.de\/it\/#website"},"datePublished":"2024-10-10T20:05:27+00:00","dateModified":"2026-02-26T20:54:48+00:00","breadcrumb":{"@id":"https:\/\/hueck-rheinische.de\/it\/sulla-legge-sugli-imballaggi\/#breadcrumb"},"inLanguage":"it-IT","potentialAction":[{"@type":"ReadAction","target":["https:\/\/hueck-rheinische.de\/it\/sulla-legge-sugli-imballaggi\/"]}]},{"@type":"BreadcrumbList","@id":"https:\/\/hueck-rheinische.de\/it\/sulla-legge-sugli-imballaggi\/#breadcrumb","itemListElement":[{"@type":"ListItem","position":1,"name":"Startseite","item":"https:\/\/hueck-rheinische.de\/it\/"},{"@type":"ListItem","position":2,"name":"Sulla legge sugli imballaggi"}]},{"@type":"WebSite","@id":"https:\/\/hueck-rheinische.de\/it\/#website","url":"https:\/\/hueck-rheinische.de\/it\/","name":"HUECK Rheinische - Pressbleche, Presspolster und Dekore","description":"","potentialAction":[{"@type":"SearchAction","target":{"@type":"EntryPoint","urlTemplate":"https:\/\/hueck-rheinische.de\/it\/?s={search_term_string}"},"query-input":{"@type":"PropertyValueSpecification","valueRequired":true,"valueName":"search_term_string"}}],"inLanguage":"it-IT"}]}},"_links":{"self":[{"href":"https:\/\/hueck-rheinische.de\/it\/wp-json\/wp\/v2\/pages\/1217","targetHints":{"allow":["GET"]}}],"collection":[{"href":"https:\/\/hueck-rheinische.de\/it\/wp-json\/wp\/v2\/pages"}],"about":[{"href":"https:\/\/hueck-rheinische.de\/it\/wp-json\/wp\/v2\/types\/page"}],"author":[{"embeddable":true,"href":"https:\/\/hueck-rheinische.de\/it\/wp-json\/wp\/v2\/users\/1"}],"replies":[{"embeddable":true,"href":"https:\/\/hueck-rheinische.de\/it\/wp-json\/wp\/v2\/comments?post=1217"}],"version-history":[{"count":2,"href":"https:\/\/hueck-rheinische.de\/it\/wp-json\/wp\/v2\/pages\/1217\/revisions"}],"predecessor-version":[{"id":1219,"href":"https:\/\/hueck-rheinische.de\/it\/wp-json\/wp\/v2\/pages\/1217\/revisions\/1219"}],"wp:attachment":[{"href":"https:\/\/hueck-rheinische.de\/it\/wp-json\/wp\/v2\/media?parent=1217"}],"curies":[{"name":"wp","href":"https:\/\/api.w.org\/{rel}","templated":true}]}}