{"id":1522,"date":"2025-08-15T17:50:32","date_gmt":"2025-08-15T15:50:32","guid":{"rendered":"https:\/\/hueck-rheinische.de\/declaration-de-confidentialite-clients-et-fournisseurs\/"},"modified":"2026-03-04T23:13:54","modified_gmt":"2026-03-04T22:13:54","slug":"declaration-de-confidentialite-clients-et-fournisseurs","status":"publish","type":"page","link":"https:\/\/hueck-rheinische.de\/fr\/declaration-de-confidentialite-clients-et-fournisseurs\/","title":{"rendered":"D\u00e9claration de confidentialit\u00e9 clients et fournisseurs"},"content":{"rendered":"<div class=\"fusion-fullwidth fullwidth-box fusion-builder-row-1 fusion-flex-container nonhundred-percent-fullwidth non-hundred-percent-height-scrolling\" style=\"--awb-border-radius-top-left:0px;--awb-border-radius-top-right:0px;--awb-border-radius-bottom-right:0px;--awb-border-radius-bottom-left:0px;--awb-flex-wrap:wrap;\" ><div class=\"fusion-builder-row fusion-row fusion-flex-align-items-flex-start fusion-flex-content-wrap\" style=\"max-width:calc( 1400px + 22px );margin-left: calc(-22px \/ 2 );margin-right: calc(-22px \/ 2 );\"><div class=\"fusion-layout-column fusion_builder_column fusion-builder-column-0 fusion_builder_column_1_1 1_1 fusion-flex-column\" style=\"--awb-bg-size:cover;--awb-width-large:100%;--awb-margin-top-large:0px;--awb-spacing-right-large:11px;--awb-margin-bottom-large:0px;--awb-spacing-left-large:11px;--awb-width-medium:100%;--awb-spacing-right-medium:11px;--awb-spacing-left-medium:11px;--awb-width-small:100%;--awb-spacing-right-small:11px;--awb-spacing-left-small:11px;\"><div class=\"fusion-column-wrapper fusion-flex-justify-content-flex-start fusion-content-layout-column\"><div class=\"fusion-text fusion-text-1\"><h1><strong>D\u00e9claration de confidentialit\u00e9 pour les clients professionnels et les fournisseurs du groupe HUECK<\/strong><\/h1>\n<h3>Informations sur la protection des donn\u00e9es concernant notre traitement des donn\u00e9es conform\u00e9ment aux articles 13, 14 et 21 du R\u00e8glement g\u00e9n\u00e9ral sur la protection des donn\u00e9es (RGPD)<\/h3>\n<p>Par les informations suivantes, nous souhaitons vous donner un aper\u00e7u du traitement de vos donn\u00e9es \u00e0 caract\u00e8re personnel en tant qu&#8217;employ\u00e9 par nos soins et de vos droits d\u00e9coulant du R\u00e8glement g\u00e9n\u00e9ral sur la protection des donn\u00e9es (R\u00e8glement (UE) 2016\/679 \u2013 \u00ab RGPD \u00bb) ainsi que de la loi f\u00e9d\u00e9rale sur la protection des donn\u00e9es (\u00ab BDSG \u00bb).<br \/>\nCette d\u00e9claration de confidentialit\u00e9 s&rsquo;applique aux donn\u00e9es \u00e0 caract\u00e8re personnel des personnes avec lesquelles nous \u00e9tablissons des relations contractuelles ou commerciales, ainsi qu&rsquo;aux organes, directeurs, gestionnaires de comptes cl\u00e9s ou autres employ\u00e9s de nos partenaires contractuels ou commerciaux, que nous traitons dans le cadre de relations contractuelles et commerciales existantes ou en cours de pr\u00e9paration. Cela inclut, entre autres, les fournisseurs, prestataires de services, clients ou consultants existants ou potentiels, ainsi que les partenaires de coop\u00e9ration existants ou potentiels ou d&rsquo;autres entreprises partenaires. <\/p>\n<h3><strong>1. Organisme responsable et d\u00e9l\u00e9gu\u00e9 \u00e0 la protection des donn\u00e9es<\/strong><\/h3>\n<p>Le responsable du traitement des donn\u00e9es pr\u00e9sent\u00e9es dans cette d\u00e9claration de confidentialit\u00e9 au sens du RGPD est la soci\u00e9t\u00e9<br \/>\nHUECK Rheinische GmbH\u2028HUECK Engraving GmbH &amp; Co. KG\u2028Helmholtzstra\u00dfe 9\u202841747 Viersen<br \/>\nT\u00e9l\u00e9phone : +49 (0) 2162 954694-0<br \/>\nE-mail : info@hueck-rheinische.de<br \/>\nDirection : M. Ren\u00e9 Blume<\/p>\n<p><strong>Vous pouvez contacter notre d\u00e9l\u00e9gu\u00e9e \u00e0 la protection des donn\u00e9es, Mme Ursula Viehauser, \u00e0 l&rsquo;adresse suivante :<\/strong><br \/>\nHolger Baunach \u2013 Organisationsberatung und Datenschutz<br \/>\nT\u00e9l\u00e9phone : +49 (0)2166 2625165<br \/>\nE-mail : kontakt@baunach.eu<\/p>\n<h3><strong>2. Sources et types de donn\u00e9es \u00e0 caract\u00e8re personnel<\/strong><\/h3>\n<p>Nous traitons principalement les donn\u00e9es \u00e0 caract\u00e8re personnel que les personnes concern\u00e9es nous fournissent elles-m\u00eames dans le cadre de relations contractuelles et commerciales ou que nous recevons des partenaires contractuels et commerciaux respectifs (par exemple de vos coll\u00e8gues avec lesquels nous sommes d\u00e9j\u00e0 en contact), par exemple dans le cadre du traitement d&rsquo;une demande ou d&rsquo;une commande. En outre, nous traitons des donn\u00e9es \u00e0 caract\u00e8re personnel que nous collectons aupr\u00e8s de sources accessibles au public (telles que le registre du commerce, la presse, Internet) ou que nous recevons de tiers (par exemple agences de notation de cr\u00e9dit, partenaires commerciaux). Nous signalerons s\u00e9par\u00e9ment toute collecte de donn\u00e9es \u00e0 caract\u00e8re personnel aupr\u00e8s de sources tierces.<br \/>\nLes donn\u00e9es \u00e0 caract\u00e8re personnel pertinentes sont notamment les donn\u00e9es d&rsquo;identit\u00e9 (telles que le nom, le pr\u00e9nom, l&rsquo;adresse, les coordonn\u00e9es bancaires, l&rsquo;adresse de facturation, le num\u00e9ro fiscal\/n\u00b0 de TVA intracommunautaire) et d&rsquo;autres coordonn\u00e9es (telles que le num\u00e9ro de t\u00e9l\u00e9phone, l&rsquo;adresse e-mail). En outre, il peut s&rsquo;agir de donn\u00e9es contractuelles ou de commande (par exemple donn\u00e9es de chiffre d&rsquo;affaires, volumes, quantit\u00e9s pr\u00e9vues), de donn\u00e9es issues de l&rsquo;ex\u00e9cution de nos obligations contractuelles, d&rsquo;informations sur votre situation financi\u00e8re (par exemple donn\u00e9es de solvabilit\u00e9), de donn\u00e9es relatives \u00e0 votre personne (par exemple int\u00e9r\u00eats commerciaux, profession, secteur, poste, t\u00e2ches et pouvoirs) ainsi que d&rsquo;autres donn\u00e9es comparables aux cat\u00e9gories mentionn\u00e9es.<br \/>\nL&rsquo;\u00e9tendue des donn\u00e9es trait\u00e9es pour une personne varie en fonction de la fonction dans laquelle la personne agit \u00e0 notre \u00e9gard, par exemple le poste qu&rsquo;elle occupe chez le partenaire commercial concern\u00e9.   <\/p>\n<h3><strong>3. Finalit\u00e9s du traitement et bases juridiques<\/strong><\/h3>\n<p>Nous traitons les donn\u00e9es \u00e0 caract\u00e8re personnel aux fins suivantes sur la base des fondements juridiques suivants :<br \/>\n<strong>3.1<\/strong> Dans certains cas, nous traitons des donn\u00e9es parce que vous y avez express\u00e9ment consenti (art. 6, par. 1, point a du RGPD), par exemple pour la r\u00e9ception de publicit\u00e9 par courrier \u00e9lectronique (par exemple newsletter) et\/ou par t\u00e9l\u00e9phone ;<br \/>\n<strong>3.2<\/strong> Le traitement des donn\u00e9es est effectu\u00e9 pour l&rsquo;ex\u00e9cution de contrats conclus avec vous ou votre employeur ou pour l&rsquo;ex\u00e9cution de mesures pr\u00e9contractuelles (art. 6, par. 1, point b du RGPD) ; cela comprend notamment :<br \/>\n\u2013 les contrats d&rsquo;achat et de livraison (par exemple traitement des demandes d&rsquo;achat et de vente, authentification des partenaires contractuels, pr\u00e9paration et signature des documents contractuels, r\u00e9alisation des achats et des ventes, facturation et traitement des paiements du prix d&rsquo;achat ;<br \/>\n\u2013 les contrats de services et d&rsquo;entreprise ainsi que d&rsquo;autres relations de commande (par exemple traitement et examen des offres et demandes correspondantes ; authentification des partenaires contractuels, pr\u00e9paration et signature des documents contractuels, traitement des paiements ; envoi de lettres d&rsquo;information) ;<br \/>\n<strong>3.3<\/strong> D&rsquo;autres traitements de donn\u00e9es sont effectu\u00e9s sur la base de prescriptions l\u00e9gales (art. 6, par. 1, point c du RGPD) : par exemple pour satisfaire aux obligations de contr\u00f4le et de d\u00e9claration fiscales et autres obligations l\u00e9gales, ainsi qu&rsquo;au contr\u00f4le par les autorit\u00e9s fiscales ou autres et au respect des d\u00e9lais de conservation l\u00e9gaux ;<br \/>\n<strong>3.4<\/strong> De plus, nous traitons vos donn\u00e9es pour prot\u00e9ger nos int\u00e9r\u00eats l\u00e9gitimes (art. 6, par. 1, point f du RGPD) ; \u00e0 savoir aux fins suivantes :<br \/>\n\u2013 gestion\/relation de contact optimale, \u00e9galement en ce qui concerne les employ\u00e9s de nos partenaires commerciaux ;<br \/>\n\u2013 optimisation de nos processus commerciaux, par exemple par la tenue d&rsquo;une base de donn\u00e9es de fournisseurs ou de prospects, \u00e9galement dans le cadre d&rsquo;une \u00ab gestion de la relation client \u00bb (CRM) ;<br \/>\n\u2013 marketing direct aupr\u00e8s des clients existants ;<br \/>\n\u2013 centralisation ou externalisation de fonctions de l&rsquo;entreprise ;<br \/>\n\u2013 r\u00e9duction des risques de d\u00e9faillance dans nos processus commerciaux par la consultation d&rsquo;agences de renseignement (telles que Creditreform, B\u00fcrgel) ainsi que la d\u00e9termination de scores (profilage), qui nous aident \u00e0 \u00e9valuer, sur la base d&rsquo;une m\u00e9thode math\u00e9matique et statistique reconnue, la probabilit\u00e9 que les partenaires contractuels respectent leurs obligations de paiement conform\u00e9ment au contrat ;<br \/>\n\u2013 constatation, exercice et d\u00e9fense de droits en justice ;<br \/>\n\u2013 fins d&rsquo;\u00e9tudes de march\u00e9.<br \/>\n<strong>3.5<\/strong> Les traitements de donn\u00e9es peuvent \u00e9galement \u00eatre n\u00e9cessaires dans l&rsquo;int\u00e9r\u00eat public ou pour l&rsquo;ex\u00e9cution de missions de puissance publique (art. 6, par. 1, point e du RGPD), comme par exemple pour le respect des mesures d&#8217;embargo contre les personnes soup\u00e7onn\u00e9es de terrorisme, etc.<\/p>\n<h3><strong>4. Destinataires des donn\u00e9es \u00e0 caract\u00e8re personnel<\/strong><\/h3>\n<p>Dans certaines circonstances (au-del\u00e0 des cas d\u00e9j\u00e0 mentionn\u00e9s pr\u00e9c\u00e9demment), vos donn\u00e9es \u00e0 caract\u00e8re personnel peuvent \u00eatre transmises aux fins susmentionn\u00e9es ; en d\u00e9tail :<br \/>\n<strong>4.1<\/strong> Si cela est n\u00e9cessaire pour l&rsquo;\u00e9lucidation ou la poursuite d&rsquo;incidents ill\u00e9gaux ou abusifs, les donn\u00e9es \u00e0 caract\u00e8re personnel seront transmises \u00e0 nos conseillers juridiques, aux autorit\u00e9s de poursuite p\u00e9nale et, le cas \u00e9ch\u00e9ant, aux tiers l\u00e9s\u00e9s. Toutefois, cela ne se produit que s&rsquo;il existe des indices concrets d&rsquo;un comportement ill\u00e9gal ou abusif. Une transmission peut \u00e9galement avoir lieu si cela sert \u00e0 l&rsquo;application de dispositions contractuelles entre nous et nos partenaires contractuels et commerciaux.<br \/>\n<strong>4.2<\/strong> Nous sommes \u00e9galement l\u00e9galement tenus de fournir des informations \u00e0 certains organismes publics sur demande. Il s&rsquo;agit principalement des autorit\u00e9s de poursuite p\u00e9nale, des autorit\u00e9s poursuivant des infractions administratives passibles d&rsquo;amende et des autorit\u00e9s fiscales.<br \/>\n<strong>4.3<\/strong> Dans la mesure o\u00f9 cela est n\u00e9cessaire pour le traitement de votre demande ou la conclusion ou l&rsquo;ex\u00e9cution d&rsquo;une relation contractuelle ou commerciale avec vous, ainsi qu&rsquo;en cas de fonctions d&rsquo;entreprise centralis\u00e9es ou externalis\u00e9es, vos donn\u00e9es peuvent \u00eatre transmises \u00e0 des entreprises qui nous sont li\u00e9es pour la r\u00e9alisation des finalit\u00e9s susmentionn\u00e9es.<br \/>\n<strong>4.4<\/strong> Occasionnellement, pour la r\u00e9alisation des finalit\u00e9s d\u00e9crites dans cette d\u00e9claration de confidentialit\u00e9 ou pour la fourniture de nos services, nous d\u00e9pendons d&rsquo;entreprises tierces li\u00e9es par contrat ou d&rsquo;autres partenaires de coop\u00e9ration ainsi que de prestataires de services externes, par exemple des courtiers, des entreprises de logistique, des prestataires de services informatiques, des conseillers \u00e9conomiques et des institutions financi\u00e8res, qui peuvent \u00eatre bas\u00e9s en dehors de l&rsquo;UE ou de l&rsquo;EEE. Dans de tels cas, les informations sont transmises \u00e0 ces entreprises ou individus pour leur permettre de poursuivre le traitement. S&rsquo;il s&rsquo;agit d&rsquo;organismes situ\u00e9s en dehors de l&rsquo;UE ou de l&rsquo;EEE, nous garantissons un niveau de protection des donn\u00e9es ad\u00e9quat, par exemple en concluant des contrats correspondants avec le destinataire des donn\u00e9es.<br \/>\n<strong>4.5<\/strong> Dans le cadre du d\u00e9veloppement de nos activit\u00e9s, il peut arriver que la structure de notre entreprise change par une modification de la forme juridique, la cr\u00e9ation, l&rsquo;achat ou la vente de filiales, de parties d&rsquo;entreprise ou de composants. Lors de telles transactions, les informations relatives aux clients sont transmises avec la partie de l&rsquo;entreprise \u00e0 transf\u00e9rer. Lors de chaque transmission de donn\u00e9es \u00e0 caract\u00e8re personnel \u00e0 des tiers dans la mesure d\u00e9crite ci-dessus, nous veillons \u00e0 ce que cela soit fait en conformit\u00e9 avec cette d\u00e9claration de confidentialit\u00e9 et les lois applicables sur la protection des donn\u00e9es.  <\/p>\n<h3><strong>5. Dur\u00e9e du traitement<\/strong><\/h3>\n<p>Nous traitons vos donn\u00e9es \u00e0 caract\u00e8re personnel pendant la dur\u00e9e de votre emploi chez l&rsquo;un de nos partenaires commerciaux, mais pas au-del\u00e0 de la fin d\u00e9finitive de la relation commerciale respective entre nous et votre employeur. Nous supprimons les informations relatives \u00e0 une op\u00e9ration (par exemple concernant une relation contractuelle ou de commande concr\u00e8te) apr\u00e8s la fin de l&rsquo;op\u00e9ration concern\u00e9e, par exemple l&rsquo;ex\u00e9cution d&rsquo;un contrat de livraison, dans un d\u00e9lai de trois ans apr\u00e8s la fin de l&rsquo;ann\u00e9e civile concern\u00e9e, \u00e0 moins que celles-ci ne soient soumises \u00e0 des obligations de conservation l\u00e9gales plus longues (telles que la conservation de six ou dix ans conform\u00e9ment au \u00a7 257 du Code de commerce allemand) ; dans un tel cas, les donn\u00e9es concern\u00e9es sont verrouill\u00e9es pour tout autre traitement. <\/p>\n<h3><strong>6. Droits des personnes concern\u00e9es<\/strong><\/h3>\n<p><strong>6.1<\/strong> Vous avez le droit d&rsquo;obtenir \u00e0 tout moment des informations sur les donn\u00e9es stock\u00e9es vous concernant. Si les conditions respectives sont remplies, vous disposez \u00e9galement des droits suivants :<br \/>\n\u2013 Droit de rectification : vous avez le droit de faire rectifier des donn\u00e9es \u00e0 caract\u00e8re personnel inexactes vous concernant.<br \/>\n\u2013 Droit \u00e0 l&rsquo;effacement : vous pouvez \u00e9galement demander l&rsquo;effacement de vos donn\u00e9es \u00e0 caract\u00e8re personnel, par exemple si vos donn\u00e9es ne sont plus n\u00e9cessaires aux fins pour lesquelles elles ont \u00e9t\u00e9 collect\u00e9es ou trait\u00e9es d&rsquo;une autre mani\u00e8re.<br \/>\n\u2013 Droit \u00e0 la limitation du traitement : vous avez \u00e9galement le droit de demander la limitation du traitement de vos donn\u00e9es \u00e0 caract\u00e8re personnel ; dans un tel cas, les donn\u00e9es seront verrouill\u00e9es pour tout traitement. Ce droit existe notamment si l&rsquo;exactitude des donn\u00e9es \u00e0 caract\u00e8re personnel est contest\u00e9e entre vous et nous.<br \/>\n\u2013 Droit \u00e0 la portabilit\u00e9 des donn\u00e9es : si nous traitons vos donn\u00e9es \u00e0 caract\u00e8re personnel pour l&rsquo;ex\u00e9cution d&rsquo;un contrat avec vous ou sur la base de votre consentement, vous avez \u00e9galement le droit de recevoir vos donn\u00e9es \u00e0 caract\u00e8re personnel dans un format structur\u00e9, couramment utilis\u00e9 et lisible par machine, pour autant que vous nous ayez fourni ces donn\u00e9es.<br \/>\n\u2013 Droit de retrait d&rsquo;un consentement : si vous nous avez donn\u00e9 votre consentement pour le traitement de vos donn\u00e9es \u00e0 caract\u00e8re personnel, vous pouvez le retirer \u00e0 tout moment. Le retrait du consentement ne compromet pas la lic\u00e9it\u00e9 du traitement effectu\u00e9 sur la base du consentement jusqu&rsquo;au retrait.<br \/>\n\u2013 Droit d&rsquo;opposition :<br \/>\nDans la mesure o\u00f9 le traitement de vos donn\u00e9es \u00e0 caract\u00e8re personnel est effectu\u00e9 conform\u00e9ment \u00e0 l&rsquo;art. 6, par. 1, point f du RGPD pour prot\u00e9ger des int\u00e9r\u00eats l\u00e9gitimes, vous avez le droit, conform\u00e9ment \u00e0 l&rsquo;art. 21, par. 1 du RGPD, de vous opposer \u00e0 tout moment au traitement de ces donn\u00e9es pour des raisons tenant \u00e0 votre situation particuli\u00e8re. Nous ne traiterons plus ces donn\u00e9es \u00e0 caract\u00e8re personnel, \u00e0 moins que nous ne puissions d\u00e9montrer qu&rsquo;il existe des motifs l\u00e9gitimes et imp\u00e9rieux pour le traitement. Ceux-ci doivent pr\u00e9valoir sur vos int\u00e9r\u00eats, droits et libert\u00e9s, ou le traitement doit servir \u00e0 la constatation, \u00e0 l&rsquo;exercice ou \u00e0 la d\u00e9fense de droits en justice.<br \/>\nSi vos donn\u00e9es \u00e0 caract\u00e8re personnel sont trait\u00e9es \u00e0 des fins de marketing direct, vous avez le droit de vous opposer \u00e0 tout moment au traitement des donn\u00e9es \u00e0 caract\u00e8re personnel vous concernant \u00e0 de telles fins publicitaires ; cela s&rsquo;applique \u00e9galement au profilage dans la mesure o\u00f9 il est li\u00e9 \u00e0 un tel marketing direct. Si vous vous y opposez, vos donn\u00e9es \u00e0 caract\u00e8re personnel ne seront plus utilis\u00e9es \u00e0 des fins de marketing direct. (Art. 21, par. 2 du RGPD).<br \/>\n<strong>6.2<\/strong> Si vous souhaitez obtenir des informations sur les donn\u00e9es stock\u00e9es vous concernant, si vous voulez exercer vos autres droits ou si vous avez des questions sur la protection des donn\u00e9es chez nous, vous pouvez nous contacter \u00e0 l&rsquo;adresse e-mail suivante : privacy@hueck-rheinische.de.<br \/>\n<strong>6.3<\/strong> Vous avez \u00e9galement le droit d&rsquo;introduire \u00e0 tout moment une r\u00e9clamation aupr\u00e8s d&rsquo;une autorit\u00e9 de contr\u00f4le, en particulier dans l&rsquo;\u00c9tat membre de votre lieu de r\u00e9sidence, de votre lieu de travail ou du lieu de l&rsquo;infraction pr\u00e9sum\u00e9e, si vous consid\u00e9rez que le traitement des donn\u00e9es \u00e0 caract\u00e8re personnel vous concernant constitue une violation des dispositions relatives \u00e0 la protection des donn\u00e9es.<\/p>\n<h3><strong>7. \u00c9tat et modification de cette d\u00e9claration de confidentialit\u00e9<\/strong><\/h3>\n<p>La pr\u00e9sente d\u00e9claration de confidentialit\u00e9 est \u00e0 jour au 08\/08\/2024.<\/p>\n<p>Le d\u00e9veloppement de notre entreprise peut \u00e9galement avoir un impact sur la gestion des donn\u00e9es \u00e0 caract\u00e8re personnel. Nous nous r\u00e9servons donc le droit de modifier cette d\u00e9claration de confidentialit\u00e9 \u00e0 l&rsquo;avenir dans le cadre des lois sur la protection des donn\u00e9es en vigueur et, le cas \u00e9ch\u00e9ant, de l&rsquo;adapter aux r\u00e9alit\u00e9s modifi\u00e9es du traitement des donn\u00e9es. Nous vous informerons s\u00e9par\u00e9ment de toute modification substantielle du contenu.  <\/p>\n<\/div><\/div><\/div><\/div><\/div>\n","protected":false},"excerpt":{"rendered":"","protected":false},"author":1,"featured_media":0,"parent":0,"menu_order":0,"comment_status":"closed","ping_status":"closed","template":"100-width.php","meta":{"footnotes":""},"class_list":["post-1522","page","type-page","status-publish","hentry"],"yoast_head":"<!-- This site is optimized with the Yoast SEO plugin v27.1.1 - https:\/\/yoast.com\/product\/yoast-seo-wordpress\/ -->\n<title>D\u00e9claration de confidentialit\u00e9 clients et fournisseurs - HUECK Rheinische - Pressbleche, Presspolster und Dekore<\/title>\n<meta name=\"robots\" content=\"index, follow, max-snippet:-1, max-image-preview:large, max-video-preview:-1\" \/>\n<link rel=\"canonical\" href=\"https:\/\/hueck-rheinische.de\/fr\/declaration-de-confidentialite-clients-et-fournisseurs\/\" \/>\n<meta property=\"og:locale\" content=\"fr_FR\" \/>\n<meta property=\"og:type\" content=\"article\" \/>\n<meta property=\"og:title\" content=\"D\u00e9claration de confidentialit\u00e9 clients et fournisseurs - HUECK Rheinische - Pressbleche, Presspolster und Dekore\" \/>\n<meta property=\"og:url\" content=\"https:\/\/hueck-rheinische.de\/fr\/declaration-de-confidentialite-clients-et-fournisseurs\/\" \/>\n<meta property=\"og:site_name\" content=\"HUECK Rheinische - Pressbleche, Presspolster und Dekore\" \/>\n<meta property=\"article:modified_time\" content=\"2026-03-04T22:13:54+00:00\" \/>\n<meta name=\"twitter:card\" content=\"summary_large_image\" \/>\n<meta name=\"twitter:label1\" content=\"Dur\u00e9e de lecture estim\u00e9e\" \/>\n\t<meta name=\"twitter:data1\" content=\"13 minutes\" \/>\n<script type=\"application\/ld+json\" class=\"yoast-schema-graph\">{\"@context\":\"https:\/\/schema.org\",\"@graph\":[{\"@type\":\"WebPage\",\"@id\":\"https:\/\/hueck-rheinische.de\/fr\/declaration-de-confidentialite-clients-et-fournisseurs\/\",\"url\":\"https:\/\/hueck-rheinische.de\/fr\/declaration-de-confidentialite-clients-et-fournisseurs\/\",\"name\":\"D\u00e9claration de confidentialit\u00e9 clients et fournisseurs - HUECK Rheinische - Pressbleche, Presspolster und Dekore\",\"isPartOf\":{\"@id\":\"https:\/\/hueck-rheinische.de\/fr\/#website\"},\"datePublished\":\"2025-08-15T15:50:32+00:00\",\"dateModified\":\"2026-03-04T22:13:54+00:00\",\"breadcrumb\":{\"@id\":\"https:\/\/hueck-rheinische.de\/fr\/declaration-de-confidentialite-clients-et-fournisseurs\/#breadcrumb\"},\"inLanguage\":\"fr-FR\",\"potentialAction\":[{\"@type\":\"ReadAction\",\"target\":[\"https:\/\/hueck-rheinische.de\/fr\/declaration-de-confidentialite-clients-et-fournisseurs\/\"]}]},{\"@type\":\"BreadcrumbList\",\"@id\":\"https:\/\/hueck-rheinische.de\/fr\/declaration-de-confidentialite-clients-et-fournisseurs\/#breadcrumb\",\"itemListElement\":[{\"@type\":\"ListItem\",\"position\":1,\"name\":\"Startseite\",\"item\":\"https:\/\/hueck-rheinische.de\/fr\/\"},{\"@type\":\"ListItem\",\"position\":2,\"name\":\"D\u00e9claration de confidentialit\u00e9 clients et fournisseurs\"}]},{\"@type\":\"WebSite\",\"@id\":\"https:\/\/hueck-rheinische.de\/fr\/#website\",\"url\":\"https:\/\/hueck-rheinische.de\/fr\/\",\"name\":\"HUECK Rheinische - Pressbleche, Presspolster und Dekore\",\"description\":\"\",\"potentialAction\":[{\"@type\":\"SearchAction\",\"target\":{\"@type\":\"EntryPoint\",\"urlTemplate\":\"https:\/\/hueck-rheinische.de\/fr\/?s={search_term_string}\"},\"query-input\":{\"@type\":\"PropertyValueSpecification\",\"valueRequired\":true,\"valueName\":\"search_term_string\"}}],\"inLanguage\":\"fr-FR\"}]}<\/script>\n<!-- \/ Yoast SEO plugin. -->","yoast_head_json":{"title":"D\u00e9claration de confidentialit\u00e9 clients et fournisseurs - HUECK Rheinische - Pressbleche, Presspolster und Dekore","robots":{"index":"index","follow":"follow","max-snippet":"max-snippet:-1","max-image-preview":"max-image-preview:large","max-video-preview":"max-video-preview:-1"},"canonical":"https:\/\/hueck-rheinische.de\/fr\/declaration-de-confidentialite-clients-et-fournisseurs\/","og_locale":"fr_FR","og_type":"article","og_title":"D\u00e9claration de confidentialit\u00e9 clients et fournisseurs - HUECK Rheinische - Pressbleche, Presspolster und Dekore","og_url":"https:\/\/hueck-rheinische.de\/fr\/declaration-de-confidentialite-clients-et-fournisseurs\/","og_site_name":"HUECK Rheinische - Pressbleche, Presspolster und Dekore","article_modified_time":"2026-03-04T22:13:54+00:00","twitter_card":"summary_large_image","twitter_misc":{"Dur\u00e9e de lecture estim\u00e9e":"13 minutes"},"schema":{"@context":"https:\/\/schema.org","@graph":[{"@type":"WebPage","@id":"https:\/\/hueck-rheinische.de\/fr\/declaration-de-confidentialite-clients-et-fournisseurs\/","url":"https:\/\/hueck-rheinische.de\/fr\/declaration-de-confidentialite-clients-et-fournisseurs\/","name":"D\u00e9claration de confidentialit\u00e9 clients et fournisseurs - HUECK Rheinische - Pressbleche, Presspolster und Dekore","isPartOf":{"@id":"https:\/\/hueck-rheinische.de\/fr\/#website"},"datePublished":"2025-08-15T15:50:32+00:00","dateModified":"2026-03-04T22:13:54+00:00","breadcrumb":{"@id":"https:\/\/hueck-rheinische.de\/fr\/declaration-de-confidentialite-clients-et-fournisseurs\/#breadcrumb"},"inLanguage":"fr-FR","potentialAction":[{"@type":"ReadAction","target":["https:\/\/hueck-rheinische.de\/fr\/declaration-de-confidentialite-clients-et-fournisseurs\/"]}]},{"@type":"BreadcrumbList","@id":"https:\/\/hueck-rheinische.de\/fr\/declaration-de-confidentialite-clients-et-fournisseurs\/#breadcrumb","itemListElement":[{"@type":"ListItem","position":1,"name":"Startseite","item":"https:\/\/hueck-rheinische.de\/fr\/"},{"@type":"ListItem","position":2,"name":"D\u00e9claration de confidentialit\u00e9 clients et fournisseurs"}]},{"@type":"WebSite","@id":"https:\/\/hueck-rheinische.de\/fr\/#website","url":"https:\/\/hueck-rheinische.de\/fr\/","name":"HUECK Rheinische - Pressbleche, Presspolster und Dekore","description":"","potentialAction":[{"@type":"SearchAction","target":{"@type":"EntryPoint","urlTemplate":"https:\/\/hueck-rheinische.de\/fr\/?s={search_term_string}"},"query-input":{"@type":"PropertyValueSpecification","valueRequired":true,"valueName":"search_term_string"}}],"inLanguage":"fr-FR"}]}},"_links":{"self":[{"href":"https:\/\/hueck-rheinische.de\/fr\/wp-json\/wp\/v2\/pages\/1522","targetHints":{"allow":["GET"]}}],"collection":[{"href":"https:\/\/hueck-rheinische.de\/fr\/wp-json\/wp\/v2\/pages"}],"about":[{"href":"https:\/\/hueck-rheinische.de\/fr\/wp-json\/wp\/v2\/types\/page"}],"author":[{"embeddable":true,"href":"https:\/\/hueck-rheinische.de\/fr\/wp-json\/wp\/v2\/users\/1"}],"replies":[{"embeddable":true,"href":"https:\/\/hueck-rheinische.de\/fr\/wp-json\/wp\/v2\/comments?post=1522"}],"version-history":[{"count":2,"href":"https:\/\/hueck-rheinische.de\/fr\/wp-json\/wp\/v2\/pages\/1522\/revisions"}],"predecessor-version":[{"id":1524,"href":"https:\/\/hueck-rheinische.de\/fr\/wp-json\/wp\/v2\/pages\/1522\/revisions\/1524"}],"wp:attachment":[{"href":"https:\/\/hueck-rheinische.de\/fr\/wp-json\/wp\/v2\/media?parent=1522"}],"curies":[{"name":"wp","href":"https:\/\/api.w.org\/{rel}","templated":true}]}}