{"id":1349,"date":"2024-08-23T12:55:43","date_gmt":"2024-08-23T10:55:43","guid":{"rendered":"https:\/\/hueck-rheinische.de\/contacto\/"},"modified":"2026-02-26T23:38:45","modified_gmt":"2026-02-26T22:38:45","slug":"contacto","status":"publish","type":"page","link":"https:\/\/hueck-rheinische.de\/es\/contacto\/","title":{"rendered":"Contacto"},"content":{"rendered":"<p><div class=\"fusion-fullwidth fullwidth-box fusion-builder-row-1 fusion-flex-container has-pattern-background has-mask-background hundred-percent-fullwidth non-hundred-percent-height-scrolling fusion-no-small-visibility\" style=\"--awb-border-radius-top-left:0px;--awb-border-radius-top-right:0px;--awb-border-radius-bottom-right:0px;--awb-border-radius-bottom-left:0px;--awb-margin-top:0px;--awb-margin-bottom:0px;--awb-flex-wrap:wrap;\" ><div class=\"fusion-builder-row fusion-row fusion-flex-align-items-stretch fusion-flex-content-wrap\" style=\"width:calc( 100% + 22px ) !important;max-width:calc( 100% + 22px ) !important;margin-left: calc(-22px \/ 2 );margin-right: calc(-22px \/ 2 );\"><div class=\"fusion-layout-column fusion_builder_column fusion-builder-column-0 fusion_builder_column_1_3 1_3 fusion-flex-column fusion-animated\" style=\"--awb-bg-size:cover;--awb-width-large:33.333333333333%;--awb-margin-top-large:0px;--awb-spacing-right-large:11px;--awb-margin-bottom-large:20px;--awb-spacing-left-large:11px;--awb-width-medium:33.333333333333%;--awb-order-medium:0;--awb-spacing-right-medium:11px;--awb-spacing-left-medium:11px;--awb-width-small:100%;--awb-order-small:0;--awb-spacing-right-small:11px;--awb-spacing-left-small:11px;\" data-animationType=\"fadeInLeft\" data-animationDuration=\"1.0\" data-animationOffset=\"top-mid-of-view\" data-scroll-devices=\"small-visibility,medium-visibility,large-visibility\"><div class=\"fusion-column-wrapper fusion-column-has-shadow fusion-flex-justify-content-flex-start fusion-content-layout-column\"><div class=\"fusion-image-element \" style=\"text-align:center;--awb-caption-title-font-family:var(--h2_typography-font-family);--awb-caption-title-font-weight:var(--h2_typography-font-weight);--awb-caption-title-font-style:var(--h2_typography-font-style);--awb-caption-title-size:var(--h2_typography-font-size);--awb-caption-title-transform:var(--h2_typography-text-transform);--awb-caption-title-line-height:var(--h2_typography-line-height);--awb-caption-title-letter-spacing:var(--h2_typography-letter-spacing);\"><span class=\" fusion-imageframe imageframe-none imageframe-1 hover-type-none\"><img decoding=\"async\" width=\"1200\" height=\"1200\" title=\"hueck_013\" src=\"https:\/\/hueck-rheinische.de\/wp-content\/uploads\/2024\/08\/hueck_013.jpg\" alt class=\"img-responsive wp-image-1303\" srcset=\"https:\/\/hueck-rheinische.de\/wp-content\/uploads\/2024\/08\/hueck_013-200x200.jpg 200w, https:\/\/hueck-rheinische.de\/wp-content\/uploads\/2024\/08\/hueck_013-400x400.jpg 400w, https:\/\/hueck-rheinische.de\/wp-content\/uploads\/2024\/08\/hueck_013-600x600.jpg 600w, https:\/\/hueck-rheinische.de\/wp-content\/uploads\/2024\/08\/hueck_013-800x800.jpg 800w, https:\/\/hueck-rheinische.de\/wp-content\/uploads\/2024\/08\/hueck_013.jpg 1200w\" sizes=\"(max-width: 640px) 100vw, 600px\" \/><\/span><\/div><\/div><\/div><div class=\"fusion-layout-column fusion_builder_column fusion-builder-column-1 fusion_builder_column_2_3 2_3 fusion-flex-column fusion-animated\" style=\"--awb-padding-top:30px;--awb-padding-right:60px;--awb-padding-bottom:30px;--awb-padding-left:60px;--awb-overflow:hidden;--awb-bg-color:var(--awb-color6);--awb-bg-color-hover:var(--awb-color6);--awb-bg-size:cover;--awb-border-radius:35px 35px 0px 35px;--awb-width-large:66.666666666667%;--awb-margin-top-large:0px;--awb-spacing-right-large:11px;--awb-margin-bottom-large:20px;--awb-spacing-left-large:11px;--awb-width-medium:66.666666666667%;--awb-order-medium:0;--awb-spacing-right-medium:11px;--awb-spacing-left-medium:11px;--awb-width-small:100%;--awb-order-small:0;--awb-spacing-right-small:11px;--awb-spacing-left-small:11px;\" data-animationType=\"fadeInRight\" data-animationDuration=\"1.0\" data-animationOffset=\"top-mid-of-view\" data-scroll-devices=\"small-visibility,medium-visibility,large-visibility\"><div class=\"fusion-column-wrapper fusion-column-has-shadow fusion-flex-justify-content-center fusion-content-layout-column\"><div class=\"fusion-text fusion-text-1\" style=\"--awb-text-color:var(--awb-color1);\"><h1 style=\"font-size: 38px; line-height: 1.3; color: #ffffff;\">Una conversaci\u00f3n que aclara muchas preguntas.<br \/>\nSu contacto con nosotros.<\/h1>\n<p>Esperamos con gusto su contacto. Ya sea por correo electr\u00f3nico, por tel\u00e9fono o en una reuni\u00f3n personal. Tanto si busca un asesoramiento competente, necesita una planificaci\u00f3n concreta o requiere ayuda con un problema espec\u00edfico. Estamos a su disposici\u00f3n y asumimos con gusto cada nuevo desaf\u00edo.<\/p>\n<\/div><div class=\"fusion-separator fusion-full-width-sep\" style=\"align-self: center;margin-left: auto;margin-right: auto;margin-top:30px;width:100%;\"><\/div><div class=\"fusion-builder-row fusion-builder-row-inner fusion-row fusion-flex-align-items-stretch fusion-flex-content-wrap\" style=\"width:calc( 100% + 22px ) !important;max-width:calc( 100% + 22px ) !important;margin-left: calc(-22px \/ 2 );margin-right: calc(-22px \/ 2 );\"><div class=\"fusion-layout-column fusion_builder_column_inner fusion-builder-nested-column-0 fusion_builder_column_inner_1_3 1_3 fusion-flex-column\" style=\"--awb-bg-size:cover;--awb-width-large:33.333333333333%;--awb-margin-top-large:0px;--awb-spacing-right-large:11px;--awb-margin-bottom-large:20px;--awb-spacing-left-large:11px;--awb-width-medium:33.333333333333%;--awb-order-medium:0;--awb-spacing-right-medium:11px;--awb-spacing-left-medium:11px;--awb-width-small:100%;--awb-order-small:0;--awb-spacing-right-small:11px;--awb-spacing-left-small:11px;\" data-scroll-devices=\"small-visibility,medium-visibility,large-visibility\"><div class=\"fusion-column-wrapper fusion-column-has-shadow fusion-flex-justify-content-flex-start fusion-content-layout-column\"><div class=\"fusion-text fusion-text-2\" style=\"--awb-text-color:var(--awb-color1);\"><p>HUECK Rheinische GmbH<br \/>\nSede central<br \/>\nHelmholtzstra\u00dfe 9<br \/>\n41747 Viersen<br \/>Tel.: +49 (0) 21 62 \/ 94694-0<br \/>\nFax: +49 (0) 21 62 \/ 94694-51<br \/>\nCorreo electr\u00f3nico: info@hueck-rheinische.de<\/p>\n<\/div><\/div><\/div><div class=\"fusion-layout-column fusion_builder_column_inner fusion-builder-nested-column-1 fusion_builder_column_inner_1_3 1_3 fusion-flex-column\" style=\"--awb-bg-size:cover;--awb-width-large:33.333333333333%;--awb-margin-top-large:0px;--awb-spacing-right-large:11px;--awb-margin-bottom-large:20px;--awb-spacing-left-large:11px;--awb-width-medium:33.333333333333%;--awb-order-medium:0;--awb-spacing-right-medium:11px;--awb-spacing-left-medium:11px;--awb-width-small:100%;--awb-order-small:0;--awb-spacing-right-small:11px;--awb-spacing-left-small:11px;\"><div class=\"fusion-column-wrapper fusion-column-has-shadow fusion-flex-justify-content-flex-start fusion-content-layout-column\"><div class=\"fusion-text fusion-text-3\" style=\"--awb-text-color:var(--awb-color1);\"><p><strong>HUECK Rheinische GmbH<\/strong><br \/>\n<strong>Produktion technischer Gewebe<\/strong><br \/>\nNepomucenusm\u00fchle 2<br \/>\n52222 Stolberg<\/p>\n<p>Fon: +49 (0) 2402 \/ 9035-0<br \/>\nFax: +49 (0) 2402 \/ 9035-29<br \/>\nMail: info@hueck-rheinische.de<\/p>\n<\/div><\/div><\/div><\/div><\/div><\/div><\/div><\/div><div class=\"fusion-fullwidth fullwidth-box fusion-builder-row-2 fusion-flex-container has-pattern-background has-mask-background hundred-percent-fullwidth non-hundred-percent-height-scrolling fusion-no-medium-visibility fusion-no-large-visibility\" style=\"--awb-border-radius-top-left:0px;--awb-border-radius-top-right:0px;--awb-border-radius-bottom-right:0px;--awb-border-radius-bottom-left:0px;--awb-margin-top:0px;--awb-margin-bottom:0px;--awb-flex-wrap:wrap;\" ><div class=\"fusion-builder-row fusion-row fusion-flex-align-items-stretch fusion-flex-content-wrap\" style=\"width:calc( 100% + 22px ) !important;max-width:calc( 100% + 22px ) !important;margin-left: calc(-22px \/ 2 );margin-right: calc(-22px \/ 2 );\"><div class=\"fusion-layout-column fusion_builder_column fusion-builder-column-2 fusion_builder_column_1_3 1_3 fusion-flex-column fusion-animated\" style=\"--awb-bg-size:cover;--awb-width-large:33.333333333333%;--awb-margin-top-large:0px;--awb-spacing-right-large:11px;--awb-margin-bottom-large:20px;--awb-spacing-left-large:11px;--awb-width-medium:33.333333333333%;--awb-order-medium:0;--awb-spacing-right-medium:11px;--awb-spacing-left-medium:11px;--awb-width-small:100%;--awb-order-small:0;--awb-spacing-right-small:11px;--awb-spacing-left-small:11px;\" data-animationType=\"fadeInLeft\" data-animationDuration=\"1.0\" data-animationOffset=\"top-mid-of-view\" data-scroll-devices=\"small-visibility,medium-visibility,large-visibility\"><div class=\"fusion-column-wrapper fusion-column-has-shadow fusion-flex-justify-content-flex-start fusion-content-layout-column\"><div class=\"fusion-image-element \" style=\"text-align:center;--awb-caption-title-font-family:var(--h2_typography-font-family);--awb-caption-title-font-weight:var(--h2_typography-font-weight);--awb-caption-title-font-style:var(--h2_typography-font-style);--awb-caption-title-size:var(--h2_typography-font-size);--awb-caption-title-transform:var(--h2_typography-text-transform);--awb-caption-title-line-height:var(--h2_typography-line-height);--awb-caption-title-letter-spacing:var(--h2_typography-letter-spacing);\"><span class=\" fusion-imageframe imageframe-none imageframe-2 hover-type-none\"><img decoding=\"async\" width=\"1200\" height=\"1200\" title=\"hueck_013\" src=\"https:\/\/hueck-rheinische.de\/wp-content\/uploads\/2024\/08\/hueck_013.jpg\" alt class=\"img-responsive wp-image-1303\" srcset=\"https:\/\/hueck-rheinische.de\/wp-content\/uploads\/2024\/08\/hueck_013-200x200.jpg 200w, https:\/\/hueck-rheinische.de\/wp-content\/uploads\/2024\/08\/hueck_013-400x400.jpg 400w, https:\/\/hueck-rheinische.de\/wp-content\/uploads\/2024\/08\/hueck_013-600x600.jpg 600w, https:\/\/hueck-rheinische.de\/wp-content\/uploads\/2024\/08\/hueck_013-800x800.jpg 800w, https:\/\/hueck-rheinische.de\/wp-content\/uploads\/2024\/08\/hueck_013.jpg 1200w\" sizes=\"(max-width: 640px) 100vw, 600px\" \/><\/span><\/div><\/div><\/div><div class=\"fusion-layout-column fusion_builder_column fusion-builder-column-3 fusion_builder_column_2_3 2_3 fusion-flex-column fusion-animated\" style=\"--awb-padding-top:20px;--awb-padding-right:35px;--awb-padding-bottom:20px;--awb-padding-left:35px;--awb-overflow:hidden;--awb-bg-color:var(--awb-color6);--awb-bg-color-hover:var(--awb-color6);--awb-bg-size:cover;--awb-border-radius:35px 35px 0px 35px;--awb-width-large:66.666666666667%;--awb-margin-top-large:0px;--awb-spacing-right-large:11px;--awb-margin-bottom-large:20px;--awb-spacing-left-large:11px;--awb-width-medium:66.666666666667%;--awb-order-medium:0;--awb-spacing-right-medium:11px;--awb-spacing-left-medium:11px;--awb-width-small:100%;--awb-order-small:0;--awb-spacing-right-small:11px;--awb-spacing-left-small:11px;\" data-animationType=\"fadeInRight\" data-animationDuration=\"1.0\" data-animationOffset=\"top-mid-of-view\" data-scroll-devices=\"small-visibility,medium-visibility,large-visibility\"><div class=\"fusion-column-wrapper fusion-column-has-shadow fusion-flex-justify-content-center fusion-content-layout-column\"><div class=\"fusion-text fusion-text-4\" style=\"--awb-font-size:16px;--awb-text-color:var(--awb-color1);\"><h1 style=\"font-size: 28px; line-height: 1.2; color: #ffffff;\">Una conversaci\u00f3n que aclara muchas preguntas.<br \/>\nSu contacto con nosotros.<\/h1>\n<p>Esperamos con gusto su contacto. Ya sea por correo electr\u00f3nico, por tel\u00e9fono o en una reuni\u00f3n personal. Tanto si busca un asesoramiento competente, necesita una planificaci\u00f3n concreta o requiere ayuda con un problema espec\u00edfico. Estamos a su disposici\u00f3n y asumimos con gusto cada nuevo desaf\u00edo.<\/p>\n<\/div><div class=\"fusion-separator fusion-full-width-sep\" style=\"align-self: center;margin-left: auto;margin-right: auto;margin-top:30px;width:100%;\"><\/div><div class=\"fusion-builder-row fusion-builder-row-inner fusion-row fusion-flex-align-items-stretch fusion-flex-content-wrap\" style=\"width:calc( 100% + 22px ) !important;max-width:calc( 100% + 22px ) !important;margin-left: calc(-22px \/ 2 );margin-right: calc(-22px \/ 2 );\"><div class=\"fusion-layout-column fusion_builder_column_inner fusion-builder-nested-column-2 fusion_builder_column_inner_1_3 1_3 fusion-flex-column\" style=\"--awb-bg-size:cover;--awb-width-large:33.333333333333%;--awb-margin-top-large:0px;--awb-spacing-right-large:11px;--awb-margin-bottom-large:20px;--awb-spacing-left-large:11px;--awb-width-medium:33.333333333333%;--awb-order-medium:0;--awb-spacing-right-medium:11px;--awb-spacing-left-medium:11px;--awb-width-small:100%;--awb-order-small:0;--awb-spacing-right-small:11px;--awb-spacing-left-small:11px;\" data-scroll-devices=\"small-visibility,medium-visibility,large-visibility\"><div class=\"fusion-column-wrapper fusion-column-has-shadow fusion-flex-justify-content-flex-start fusion-content-layout-column\"><div class=\"fusion-text fusion-text-5\" style=\"--awb-font-size:16px;--awb-text-color:var(--awb-color1);\"><p>HUECK Rheinische GmbH<br \/>\nSede central<br \/>\nHelmholtzstra\u00dfe 9<br \/>\n41747 Viersen<br \/>Tel.: +49 (0) 21 62 \/ 94694-0<br \/>\nFax: +49 (0) 21 62 \/ 94694-51<br \/>\nCorreo electr\u00f3nico: info@hueck-rheinische.de<\/p>\n<\/div><\/div><\/div><div class=\"fusion-layout-column fusion_builder_column_inner fusion-builder-nested-column-3 fusion_builder_column_inner_1_3 1_3 fusion-flex-column\" style=\"--awb-bg-size:cover;--awb-width-large:33.333333333333%;--awb-margin-top-large:0px;--awb-spacing-right-large:11px;--awb-margin-bottom-large:20px;--awb-spacing-left-large:11px;--awb-width-medium:33.333333333333%;--awb-order-medium:0;--awb-spacing-right-medium:11px;--awb-spacing-left-medium:11px;--awb-width-small:100%;--awb-order-small:0;--awb-spacing-right-small:11px;--awb-spacing-left-small:11px;\"><div class=\"fusion-column-wrapper fusion-column-has-shadow fusion-flex-justify-content-flex-start fusion-content-layout-column\"><div class=\"fusion-text fusion-text-6\" style=\"--awb-font-size:16px;--awb-text-color:var(--awb-color1);\"><p><strong>HUECK Rheinische GmbH<\/strong><br \/>\n<strong>Produktion technischer Gewebe<\/strong><br \/>\nNepomucenusm\u00fchle 2<br \/>\n52222 Stolberg<\/p>\n<p>Fon: +49 (0) 2402 \/ 9035-0<br \/>\nFax: +49 (0) 2402 \/ 9035-29<br \/>\nMail: info@hueck-rheinische.de<\/p>\n<\/div><\/div><\/div><\/div><\/div><\/div><\/div><\/div><\/p>\n","protected":false},"excerpt":{"rendered":"","protected":false},"author":1,"featured_media":0,"parent":0,"menu_order":0,"comment_status":"closed","ping_status":"closed","template":"100-width.php","meta":{"footnotes":""},"class_list":["post-1349","page","type-page","status-publish","hentry"],"yoast_head":"<!-- This site is optimized with the Yoast SEO plugin v27.1.1 - https:\/\/yoast.com\/product\/yoast-seo-wordpress\/ -->\n<title>Contacto - HUECK Rheinische - Pressbleche, Presspolster und Dekore<\/title>\n<meta name=\"robots\" content=\"index, follow, max-snippet:-1, max-image-preview:large, max-video-preview:-1\" \/>\n<link rel=\"canonical\" href=\"https:\/\/hueck-rheinische.de\/es\/contacto\/\" \/>\n<meta property=\"og:locale\" content=\"es_ES\" \/>\n<meta property=\"og:type\" content=\"article\" \/>\n<meta property=\"og:title\" content=\"Contacto - HUECK Rheinische - Pressbleche, Presspolster und Dekore\" \/>\n<meta property=\"og:url\" content=\"https:\/\/hueck-rheinische.de\/es\/contacto\/\" \/>\n<meta property=\"og:site_name\" content=\"HUECK Rheinische - Pressbleche, Presspolster und Dekore\" \/>\n<meta property=\"article:modified_time\" content=\"2026-02-26T22:38:45+00:00\" \/>\n<meta name=\"twitter:card\" content=\"summary_large_image\" \/>\n<meta name=\"twitter:label1\" content=\"Tiempo de lectura\" \/>\n\t<meta name=\"twitter:data1\" content=\"32 minutos\" \/>\n<script type=\"application\/ld+json\" class=\"yoast-schema-graph\">{\"@context\":\"https:\/\/schema.org\",\"@graph\":[{\"@type\":\"WebPage\",\"@id\":\"https:\/\/hueck-rheinische.de\/es\/contacto\/\",\"url\":\"https:\/\/hueck-rheinische.de\/es\/contacto\/\",\"name\":\"Contacto - HUECK Rheinische - Pressbleche, Presspolster und Dekore\",\"isPartOf\":{\"@id\":\"https:\/\/hueck-rheinische.de\/es\/#website\"},\"datePublished\":\"2024-08-23T10:55:43+00:00\",\"dateModified\":\"2026-02-26T22:38:45+00:00\",\"breadcrumb\":{\"@id\":\"https:\/\/hueck-rheinische.de\/es\/contacto\/#breadcrumb\"},\"inLanguage\":\"es\",\"potentialAction\":[{\"@type\":\"ReadAction\",\"target\":[\"https:\/\/hueck-rheinische.de\/es\/contacto\/\"]}]},{\"@type\":\"BreadcrumbList\",\"@id\":\"https:\/\/hueck-rheinische.de\/es\/contacto\/#breadcrumb\",\"itemListElement\":[{\"@type\":\"ListItem\",\"position\":1,\"name\":\"Startseite\",\"item\":\"https:\/\/hueck-rheinische.de\/es\/\"},{\"@type\":\"ListItem\",\"position\":2,\"name\":\"Contacto\"}]},{\"@type\":\"WebSite\",\"@id\":\"https:\/\/hueck-rheinische.de\/es\/#website\",\"url\":\"https:\/\/hueck-rheinische.de\/es\/\",\"name\":\"HUECK Rheinische - Pressbleche, Presspolster und Dekore\",\"description\":\"\",\"potentialAction\":[{\"@type\":\"SearchAction\",\"target\":{\"@type\":\"EntryPoint\",\"urlTemplate\":\"https:\/\/hueck-rheinische.de\/es\/?s={search_term_string}\"},\"query-input\":{\"@type\":\"PropertyValueSpecification\",\"valueRequired\":true,\"valueName\":\"search_term_string\"}}],\"inLanguage\":\"es\"}]}<\/script>\n<!-- \/ Yoast SEO plugin. -->","yoast_head_json":{"title":"Contacto - HUECK Rheinische - Pressbleche, Presspolster und Dekore","robots":{"index":"index","follow":"follow","max-snippet":"max-snippet:-1","max-image-preview":"max-image-preview:large","max-video-preview":"max-video-preview:-1"},"canonical":"https:\/\/hueck-rheinische.de\/es\/contacto\/","og_locale":"es_ES","og_type":"article","og_title":"Contacto - HUECK Rheinische - Pressbleche, Presspolster und Dekore","og_url":"https:\/\/hueck-rheinische.de\/es\/contacto\/","og_site_name":"HUECK Rheinische - Pressbleche, Presspolster und Dekore","article_modified_time":"2026-02-26T22:38:45+00:00","twitter_card":"summary_large_image","twitter_misc":{"Tiempo de lectura":"32 minutos"},"schema":{"@context":"https:\/\/schema.org","@graph":[{"@type":"WebPage","@id":"https:\/\/hueck-rheinische.de\/es\/contacto\/","url":"https:\/\/hueck-rheinische.de\/es\/contacto\/","name":"Contacto - HUECK Rheinische - Pressbleche, Presspolster und Dekore","isPartOf":{"@id":"https:\/\/hueck-rheinische.de\/es\/#website"},"datePublished":"2024-08-23T10:55:43+00:00","dateModified":"2026-02-26T22:38:45+00:00","breadcrumb":{"@id":"https:\/\/hueck-rheinische.de\/es\/contacto\/#breadcrumb"},"inLanguage":"es","potentialAction":[{"@type":"ReadAction","target":["https:\/\/hueck-rheinische.de\/es\/contacto\/"]}]},{"@type":"BreadcrumbList","@id":"https:\/\/hueck-rheinische.de\/es\/contacto\/#breadcrumb","itemListElement":[{"@type":"ListItem","position":1,"name":"Startseite","item":"https:\/\/hueck-rheinische.de\/es\/"},{"@type":"ListItem","position":2,"name":"Contacto"}]},{"@type":"WebSite","@id":"https:\/\/hueck-rheinische.de\/es\/#website","url":"https:\/\/hueck-rheinische.de\/es\/","name":"HUECK Rheinische - Pressbleche, Presspolster und Dekore","description":"","potentialAction":[{"@type":"SearchAction","target":{"@type":"EntryPoint","urlTemplate":"https:\/\/hueck-rheinische.de\/es\/?s={search_term_string}"},"query-input":{"@type":"PropertyValueSpecification","valueRequired":true,"valueName":"search_term_string"}}],"inLanguage":"es"}]}},"_links":{"self":[{"href":"https:\/\/hueck-rheinische.de\/es\/wp-json\/wp\/v2\/pages\/1349","targetHints":{"allow":["GET"]}}],"collection":[{"href":"https:\/\/hueck-rheinische.de\/es\/wp-json\/wp\/v2\/pages"}],"about":[{"href":"https:\/\/hueck-rheinische.de\/es\/wp-json\/wp\/v2\/types\/page"}],"author":[{"embeddable":true,"href":"https:\/\/hueck-rheinische.de\/es\/wp-json\/wp\/v2\/users\/1"}],"replies":[{"embeddable":true,"href":"https:\/\/hueck-rheinische.de\/es\/wp-json\/wp\/v2\/comments?post=1349"}],"version-history":[{"count":3,"href":"https:\/\/hueck-rheinische.de\/es\/wp-json\/wp\/v2\/pages\/1349\/revisions"}],"predecessor-version":[{"id":1352,"href":"https:\/\/hueck-rheinische.de\/es\/wp-json\/wp\/v2\/pages\/1349\/revisions\/1352"}],"wp:attachment":[{"href":"https:\/\/hueck-rheinische.de\/es\/wp-json\/wp\/v2\/media?parent=1349"}],"curies":[{"name":"wp","href":"https:\/\/api.w.org\/{rel}","templated":true}]}}