{"id":1220,"date":"2024-10-10T22:05:27","date_gmt":"2024-10-10T20:05:27","guid":{"rendered":"https:\/\/hueck-rheinische.de\/packaging-act\/"},"modified":"2026-02-26T21:58:21","modified_gmt":"2026-02-26T20:58:21","slug":"packaging-act","status":"publish","type":"page","link":"https:\/\/hueck-rheinische.de\/en\/packaging-act\/","title":{"rendered":"Packaging Act"},"content":{"rendered":"<div class=\"fusion-fullwidth fullwidth-box fusion-builder-row-1 fusion-flex-container has-pattern-background has-mask-background nonhundred-percent-fullwidth non-hundred-percent-height-scrolling\" style=\"--awb-border-radius-top-left:0px;--awb-border-radius-top-right:0px;--awb-border-radius-bottom-right:0px;--awb-border-radius-bottom-left:0px;--awb-flex-wrap:wrap;\" ><div class=\"fusion-builder-row fusion-row fusion-flex-align-items-flex-start fusion-flex-content-wrap\" style=\"max-width:calc( 1400px + 22px );margin-left: calc(-22px \/ 2 );margin-right: calc(-22px \/ 2 );\"><div class=\"fusion-layout-column fusion_builder_column fusion-builder-column-0 fusion_builder_column_1_1 1_1 fusion-flex-column\" style=\"--awb-padding-bottom:30px;--awb-bg-size:cover;--awb-width-large:100%;--awb-margin-top-large:0px;--awb-spacing-right-large:11px;--awb-margin-bottom-large:20px;--awb-spacing-left-large:11px;--awb-width-medium:100%;--awb-order-medium:0;--awb-spacing-right-medium:11px;--awb-spacing-left-medium:11px;--awb-width-small:100%;--awb-order-small:0;--awb-spacing-right-small:11px;--awb-spacing-left-small:11px;\" data-scroll-devices=\"small-visibility,medium-visibility,large-visibility\"><div class=\"fusion-column-wrapper fusion-column-has-shadow fusion-flex-justify-content-flex-start fusion-content-layout-column\"><div class=\"fusion-text fusion-text-1\"><h1><strong>Customer information on the Packaging Act (VerpackG)<\/strong><\/h1>\n<p>Sehr Dear Madam, Dear Sir, Kundin, sehr geehrter Kunde,<\/p>\n<p>HUECK Rheinische GmbH, as a responsible industrial company and manufacturer of press sheets and press pads, ensures legally compliant and environmentally sound disposal of waste and materials such as cardboard packaging and pallets in accordance with the VerpackG. We, HUECK Rheinische GmbH, assume responsibility for complying with the legal requirements for prevention, reuse and\/or directing waste and materials to recycling.<\/p>\n<p>The packaging of our products must therefore not be disposed of via municipal waste collection. Instead, you have the option to return it at the place of actual handover. As we generally deliver our products on the basis of FCA Viersen (INCOTERMS 2020) or ex works, this means that you can return the packaging free of charge to HUECK Rheinische GmbH in Viersen [OR: at the sites of HUECK Rheinische GmbH]. In this case, the freight costs are borne by you. To ensure smooth processing of the return shipment, please coordinate this with us in advance. If, in individual cases, handover of our products to a customer domiciled in Germany takes place at another location, a separate agreement on the return modalities must be concluded. <\/p>\n<p>Die Verpackungen unserer Produkte d\u00fcrfen daher nicht \u00fcber die kommunale Abfallsammlung entsorgt werden. Sie haben stattdessen die M\u00f6glichkeit, diese am Ort der tats\u00e4chlichen \u00dcbergabe zur\u00fcckzugeben. Da wir unsere Produkte in aller Regel auf der Basis von FCA Viersen (INCOTERMS 2020) bzw. ab Werk ausliefern, bedeutet dies, dass Sie die Verpackungen kostenfrei bei der HUECK Rheinische GmbH in Viersen [ODER: an den Standorten der HUECK Rheinische GmbH] zur\u00fcckgeben k\u00f6nnen. Die Frachtkosten gehen in diesem Fall zu Ihren Lasten. F\u00fcr eine reibungslose Abwicklung der R\u00fccklieferung stimmen Sie diese bitte im Vorfeld mit uns ab. Soweit die \u00dcbergabe unserer Produkte an einen in Deutschland ans\u00e4ssigen Kunden im Einzelfall an einem anderen Ort erfolgt, ist \u00fcber die Modalit\u00e4ten der R\u00fcckgabe eine gesonderte Vereinbarung zu treffen.     <\/p>\n<p>In addition, we point out that you are not obliged to return the delivered packaging to us.<\/p>\n<\/div><\/div><\/div><div class=\"fusion-layout-column fusion_builder_column fusion-builder-column-1 fusion_builder_column_1_1 1_1 fusion-flex-column\" style=\"--awb-bg-size:cover;--awb-width-large:100%;--awb-margin-top-large:0px;--awb-spacing-right-large:11px;--awb-margin-bottom-large:20px;--awb-spacing-left-large:11px;--awb-width-medium:100%;--awb-order-medium:0;--awb-spacing-right-medium:11px;--awb-spacing-left-medium:11px;--awb-width-small:100%;--awb-order-small:0;--awb-spacing-right-small:11px;--awb-spacing-left-small:11px;\"><div class=\"fusion-column-wrapper fusion-column-has-shadow fusion-flex-justify-content-flex-start fusion-content-layout-column\"><div class=\"fusion-text fusion-text-2\"><h2><strong>Registration information on the Packaging Act<\/strong><\/h2>\n<p>HUECK Rheinische GmbH is registered pursuant to Section 9 VerpackG with the Stiftung Zentrale Stelle Verpackungsregister (ZSVR) under registration number DE2859316767835.<\/p>\n<p>We fulfil our obligation to comply with the relevant environmental regulations and to continuously improve environmental protection with commitment and motivation.<\/p>\n<p>For many years, we have continuously reduced our environmental impacts, such as waste, pollutants or energy consumption, in production and in our products. If you require further environmental information, please feel free to contact us.<\/p>\n<\/div><\/div><\/div><\/div><\/div>\n","protected":false},"excerpt":{"rendered":"","protected":false},"author":1,"featured_media":0,"parent":0,"menu_order":0,"comment_status":"closed","ping_status":"closed","template":"100-width.php","meta":{"footnotes":""},"class_list":["post-1220","page","type-page","status-publish","hentry"],"yoast_head":"<!-- This site is optimized with the Yoast SEO plugin v27.1.1 - https:\/\/yoast.com\/product\/yoast-seo-wordpress\/ -->\n<title>Packaging Act - HUECK Rheinische - Pressbleche, Presspolster und Dekore<\/title>\n<meta name=\"robots\" content=\"index, follow, max-snippet:-1, max-image-preview:large, max-video-preview:-1\" \/>\n<link rel=\"canonical\" href=\"https:\/\/hueck-rheinische.de\/en\/packaging-act\/\" \/>\n<meta property=\"og:locale\" content=\"en_US\" \/>\n<meta property=\"og:type\" content=\"article\" \/>\n<meta property=\"og:title\" content=\"Packaging Act - HUECK Rheinische - Pressbleche, Presspolster und Dekore\" \/>\n<meta property=\"og:url\" content=\"https:\/\/hueck-rheinische.de\/en\/packaging-act\/\" \/>\n<meta property=\"og:site_name\" content=\"HUECK Rheinische - Pressbleche, Presspolster und Dekore\" \/>\n<meta property=\"article:modified_time\" content=\"2026-02-26T20:58:21+00:00\" \/>\n<meta name=\"twitter:card\" content=\"summary_large_image\" \/>\n<meta name=\"twitter:label1\" content=\"Est. reading time\" \/>\n\t<meta name=\"twitter:data1\" content=\"10 minutes\" \/>\n<script type=\"application\/ld+json\" class=\"yoast-schema-graph\">{\"@context\":\"https:\/\/schema.org\",\"@graph\":[{\"@type\":\"WebPage\",\"@id\":\"https:\/\/hueck-rheinische.de\/en\/packaging-act\/\",\"url\":\"https:\/\/hueck-rheinische.de\/en\/packaging-act\/\",\"name\":\"Packaging Act - HUECK Rheinische - Pressbleche, Presspolster und Dekore\",\"isPartOf\":{\"@id\":\"https:\/\/hueck-rheinische.de\/en\/#website\"},\"datePublished\":\"2024-10-10T20:05:27+00:00\",\"dateModified\":\"2026-02-26T20:58:21+00:00\",\"breadcrumb\":{\"@id\":\"https:\/\/hueck-rheinische.de\/en\/packaging-act\/#breadcrumb\"},\"inLanguage\":\"en-US\",\"potentialAction\":[{\"@type\":\"ReadAction\",\"target\":[\"https:\/\/hueck-rheinische.de\/en\/packaging-act\/\"]}]},{\"@type\":\"BreadcrumbList\",\"@id\":\"https:\/\/hueck-rheinische.de\/en\/packaging-act\/#breadcrumb\",\"itemListElement\":[{\"@type\":\"ListItem\",\"position\":1,\"name\":\"Startseite\",\"item\":\"https:\/\/hueck-rheinische.de\/en\/\"},{\"@type\":\"ListItem\",\"position\":2,\"name\":\"Packaging Act\"}]},{\"@type\":\"WebSite\",\"@id\":\"https:\/\/hueck-rheinische.de\/en\/#website\",\"url\":\"https:\/\/hueck-rheinische.de\/en\/\",\"name\":\"HUECK Rheinische - Pressbleche, Presspolster und Dekore\",\"description\":\"\",\"potentialAction\":[{\"@type\":\"SearchAction\",\"target\":{\"@type\":\"EntryPoint\",\"urlTemplate\":\"https:\/\/hueck-rheinische.de\/en\/?s={search_term_string}\"},\"query-input\":{\"@type\":\"PropertyValueSpecification\",\"valueRequired\":true,\"valueName\":\"search_term_string\"}}],\"inLanguage\":\"en-US\"}]}<\/script>\n<!-- \/ Yoast SEO plugin. -->","yoast_head_json":{"title":"Packaging Act - HUECK Rheinische - Pressbleche, Presspolster und Dekore","robots":{"index":"index","follow":"follow","max-snippet":"max-snippet:-1","max-image-preview":"max-image-preview:large","max-video-preview":"max-video-preview:-1"},"canonical":"https:\/\/hueck-rheinische.de\/en\/packaging-act\/","og_locale":"en_US","og_type":"article","og_title":"Packaging Act - HUECK Rheinische - Pressbleche, Presspolster und Dekore","og_url":"https:\/\/hueck-rheinische.de\/en\/packaging-act\/","og_site_name":"HUECK Rheinische - Pressbleche, Presspolster und Dekore","article_modified_time":"2026-02-26T20:58:21+00:00","twitter_card":"summary_large_image","twitter_misc":{"Est. reading time":"10 minutes"},"schema":{"@context":"https:\/\/schema.org","@graph":[{"@type":"WebPage","@id":"https:\/\/hueck-rheinische.de\/en\/packaging-act\/","url":"https:\/\/hueck-rheinische.de\/en\/packaging-act\/","name":"Packaging Act - HUECK Rheinische - Pressbleche, Presspolster und Dekore","isPartOf":{"@id":"https:\/\/hueck-rheinische.de\/en\/#website"},"datePublished":"2024-10-10T20:05:27+00:00","dateModified":"2026-02-26T20:58:21+00:00","breadcrumb":{"@id":"https:\/\/hueck-rheinische.de\/en\/packaging-act\/#breadcrumb"},"inLanguage":"en-US","potentialAction":[{"@type":"ReadAction","target":["https:\/\/hueck-rheinische.de\/en\/packaging-act\/"]}]},{"@type":"BreadcrumbList","@id":"https:\/\/hueck-rheinische.de\/en\/packaging-act\/#breadcrumb","itemListElement":[{"@type":"ListItem","position":1,"name":"Startseite","item":"https:\/\/hueck-rheinische.de\/en\/"},{"@type":"ListItem","position":2,"name":"Packaging Act"}]},{"@type":"WebSite","@id":"https:\/\/hueck-rheinische.de\/en\/#website","url":"https:\/\/hueck-rheinische.de\/en\/","name":"HUECK Rheinische - Pressbleche, Presspolster und Dekore","description":"","potentialAction":[{"@type":"SearchAction","target":{"@type":"EntryPoint","urlTemplate":"https:\/\/hueck-rheinische.de\/en\/?s={search_term_string}"},"query-input":{"@type":"PropertyValueSpecification","valueRequired":true,"valueName":"search_term_string"}}],"inLanguage":"en-US"}]}},"_links":{"self":[{"href":"https:\/\/hueck-rheinische.de\/en\/wp-json\/wp\/v2\/pages\/1220","targetHints":{"allow":["GET"]}}],"collection":[{"href":"https:\/\/hueck-rheinische.de\/en\/wp-json\/wp\/v2\/pages"}],"about":[{"href":"https:\/\/hueck-rheinische.de\/en\/wp-json\/wp\/v2\/types\/page"}],"author":[{"embeddable":true,"href":"https:\/\/hueck-rheinische.de\/en\/wp-json\/wp\/v2\/users\/1"}],"replies":[{"embeddable":true,"href":"https:\/\/hueck-rheinische.de\/en\/wp-json\/wp\/v2\/comments?post=1220"}],"version-history":[{"count":2,"href":"https:\/\/hueck-rheinische.de\/en\/wp-json\/wp\/v2\/pages\/1220\/revisions"}],"predecessor-version":[{"id":1222,"href":"https:\/\/hueck-rheinische.de\/en\/wp-json\/wp\/v2\/pages\/1220\/revisions\/1222"}],"wp:attachment":[{"href":"https:\/\/hueck-rheinische.de\/en\/wp-json\/wp\/v2\/media?parent=1220"}],"curies":[{"name":"wp","href":"https:\/\/api.w.org\/{rel}","templated":true}]}}